{"id":182,"date":"2018-09-28T10:33:18","date_gmt":"2018-09-28T08:33:18","guid":{"rendered":"http:\/\/naturebrique.com\/?page_id=182"},"modified":"2018-10-11T16:53:44","modified_gmt":"2018-10-11T14:53:44","slug":"acoustique","status":"publish","type":"page","link":"http:\/\/naturebrique.com\/?page_id=182","title":{"rendered":"Acoustique"},"content":{"rendered":"<div>Introduction<\/div>\n<div>Trafic, musique, installations de home-cin\u00e9ma, densification de l\u2019habitat ont tous pour cons\u00e9quence que la charge sonore de nos b\u00e2timents ne fait que cro\u00eetre. Cette \u00e9volution fait que l\u2019acoustique a sa place \u00e0 part enti\u00e8re &#8211; \u00e0 c\u00f4t\u00e9 d\u2019autres th\u00e9matiques connues que sont la performance \u00e9nerg\u00e9tique et la stabilit\u00e9- en tant qu\u2019\u00e9l\u00e9ment normatif lors de la conception et la construction d\u2019un b\u00e2timent. Et heureusement car les solutions permettant d\u2019intervenir une fois le b\u00e2timent construit sont souvent co\u00fbteuses et moins efficaces. Des mesures pr\u00e9ventives tel qu\u2019un choix r\u00e9fl\u00e9chi pour l\u2019installation de certains locaux ou un certain concept constructif technique, permettent au ma\u00eetre d\u2019ouvrage d\u2019\u00e9viter bon nombre de difficult\u00e9s.<\/div>\n<div>Atteindre une bonne performance acoustique d\u2019un b\u00e2timent d\u00e9pend d\u2019une s\u00e9rie de param\u00e8tres et princi-<\/div>\n<div>palement de d\u00e9tails. Le choix d\u2019un bloc de terre cuite reste certes un aspect important, mais la fa\u00e7on dont<\/div>\n<div>les d\u00e9tails sont mis en \u0153uvre est tout aussi importante. Ainsi par exemple, la transmission lat\u00e9rale d\u2019un bruit<\/div>\n<div>est fortement r\u00e9duite par l\u2019utilisation de syst\u00e8mes de d\u00e9couplage (couches acoustiques) sur et sous les murs<\/div>\n<div>mitoyens. En mati\u00e8re d\u2019isolation acoustique, il n\u2019existe dans notre pays, aucune loi ou d\u00e9cret fixant des\u00a0 exigences minimales. La jurisprudence dit qu\u2019un b\u00e2timent doit \u00eatre construit selon les \u00ab r\u00e8gles de l\u2019art \u00bb.<\/div>\n<div>Le contenu de ces r\u00e8gles de l\u2019art peut \u00e9ventuellement \u00eatre d\u00e9crit\u00a0\u00a0\u00a0 dans des normes B\u00e9ninoises. Les exigences<\/div>\n<div>performantielles, reprises dans les normes, peuvent servir de base au jugement d\u2019une cour en cas de litige<\/div>\n<div>\u00e9ventuel.<\/div>\n<div>En effet, suite \u00e0 l\u2019apparition de modes constructifs l\u00e9gers, l\u2019isolation acoustique basse fr\u00e9quence devient toujours plus importante et les m\u00e9thodes de mesures normalis\u00e9es internationalement et les calculs d\u2019indicateurs uniques devront en tenir compte dans un futur proche. Vu que les exigences performantielles sont bas\u00e9es sur ces indicateurs internationaux, les normes.<\/div>\n<div><\/div>\n<div>La norme d\u00e9termine les exigences auxquelles il faut satisfaire en mati\u00e8re du bruit des installations techniques et en mati\u00e8re de contr\u00f4le de la r\u00e9verb\u00e9ration dans des locaux sp\u00e9cifiques. Les exigences fix\u00e9es par cette norme ne s\u2019appliquent pas lorsque des prescriptions l\u00e9gales sp\u00e9cifiques sont fix\u00e9es. Cela peut par exemple \u00eatre le cas pour l\u2019isolation des fa\u00e7ades aux alentours des a\u00e9roports. La norme distingue deux niveaux de performances: les exigences pour un confort acoustique normal et les exigences pour un confort acoustique<\/div>\n<div><\/div>\n<div><\/div>\n","protected":false},"excerpt":{"rendered":"<p>Introduction Trafic, musique, installations de home-cin\u00e9ma, densification de l\u2019habitat ont tous pour cons\u00e9quence que la charge sonore de nos b\u00e2timents ne fait que cro\u00eetre. Cette \u00e9volution fait que l\u2019acoustique a sa place \u00e0 part enti\u00e8re &#8211; \u00e0 c\u00f4t\u00e9 d\u2019autres th\u00e9matiques connues que sont la performance \u00e9nerg\u00e9tique et la stabilit\u00e9- en tant qu\u2019\u00e9l\u00e9ment normatif lors de [&hellip;]<\/p>\n","protected":false},"author":1,"featured_media":0,"parent":2,"menu_order":0,"comment_status":"closed","ping_status":"closed","template":"","meta":{"footnotes":""},"_links":{"self":[{"href":"http:\/\/naturebrique.com\/index.php?rest_route=\/wp\/v2\/pages\/182"}],"collection":[{"href":"http:\/\/naturebrique.com\/index.php?rest_route=\/wp\/v2\/pages"}],"about":[{"href":"http:\/\/naturebrique.com\/index.php?rest_route=\/wp\/v2\/types\/page"}],"author":[{"embeddable":true,"href":"http:\/\/naturebrique.com\/index.php?rest_route=\/wp\/v2\/users\/1"}],"replies":[{"embeddable":true,"href":"http:\/\/naturebrique.com\/index.php?rest_route=%2Fwp%2Fv2%2Fcomments&post=182"}],"version-history":[{"count":1,"href":"http:\/\/naturebrique.com\/index.php?rest_route=\/wp\/v2\/pages\/182\/revisions"}],"predecessor-version":[{"id":183,"href":"http:\/\/naturebrique.com\/index.php?rest_route=\/wp\/v2\/pages\/182\/revisions\/183"}],"up":[{"embeddable":true,"href":"http:\/\/naturebrique.com\/index.php?rest_route=\/wp\/v2\/pages\/2"}],"wp:attachment":[{"href":"http:\/\/naturebrique.com\/index.php?rest_route=%2Fwp%2Fv2%2Fmedia&parent=182"}],"curies":[{"name":"wp","href":"https:\/\/api.w.org\/{rel}","templated":true}]}}