{"id":185,"date":"2018-09-28T10:52:36","date_gmt":"2018-09-28T08:52:36","guid":{"rendered":"http:\/\/naturebrique.com\/?page_id=185"},"modified":"2018-09-28T10:52:36","modified_gmt":"2018-09-28T08:52:36","slug":"peindre-la-maconnerie","status":"publish","type":"page","link":"http:\/\/naturebrique.com\/?page_id=185","title":{"rendered":"Peindre la ma\u00e7onnerie"},"content":{"rendered":"<div>Peinture sur murs ext\u00e9rieurs<\/div>\n<div>Il est inutile de poser une couche de finition, sous la forme d\u2019une peinture, sur une ma\u00e7onnerie de parement pour qu\u2019elle soit r\u00e9alis\u00e9e correctement. Que la peinture prot\u00e8ge la ma\u00e7onnerie et qu\u2019on peut d\u00e8s<\/div>\n<div>lors utiliser des briques meilleur march\u00e9 que pour un parement non peint, sont des id\u00e9es fausses qui ont longtemps \u00e9t\u00e9 v\u00e9hicul\u00e9es.<\/div>\n<div>Au contraire, une fa\u00e7ade peinte qui est techniquement satisfaisante, l\u2019aurait \u00e9t\u00e9 tout autant sans peinture ; mais si la brique est de mauvaise qualit\u00e9, la peindre ne fera qu\u2019acc\u00e9l\u00e9rer les d\u00e9g\u00e2ts. Ceci est le cas si la<\/div>\n<div>peinture utilis\u00e9e est imperm\u00e9able \u00e0 l\u2019eau et \u00e0 la vapeur. La diffusion de l\u2019humidit\u00e9 absorb\u00e9e suite \u00e0 des ouvertures, des micro-fissures ou par remont\u00e9e capillaire, peut \u00eatre entrav\u00e9e. De la condensation interne<\/div>\n<div>peut alors appara\u00eetre et rendre la brique g\u00e9live.<\/div>\n<div>Si pour quelque raison que ce soit, on d\u00e9cide d\u2019apposer une couche de finition, il faut toujours suivre les prescriptions de pose et les recommandations du fabricant de peinture. Si l\u2019on veut peindre une fa\u00e7ade ext\u00e9rieure, il faudra en tenir compte d\u00e8s la conception du b\u00e2timent. Les recommandations suivantes peuvent \u00eatre formul\u00e9es. En ce qui concerne la couche de finition (peinture) :<\/div>\n<div>&#8211;<\/div>\n<div>La peinture doit \u00eatre adapt\u00e9e au type de briques \u00e0 peindre.<\/div>\n<div>&#8211;<\/div>\n<div>La peinture doit \u00eatre min\u00e9rale ou \u00e0 base de r\u00e9sine alkyde.<\/div>\n<div>&#8211;<\/div>\n<div>La peinture doit \u00eatre garantie perm\u00e9able \u00e0 la vapeur. Dans le STS 71.1 (sp\u00e9cifications techniques)<\/div>\n<div>\u00abpost-isolation des murs creux par remplissage in situ de la coulisse\u00bb , on trouve une exigence<\/div>\n<div>suppl\u00e9mentaire dans le cas o\u00f9 la coulisse est remplie d\u2019isolant :<\/div>\n<div>\u00absi la fa\u00e7ade est recouverte d\u2019une peinture ou d\u2019un cr\u00e9pis, celle-ci \/ celui-ci doit<\/div>\n<div>\u00eatre perm\u00e9able \u00e0 la vapeur selon la classification de la NBN EN1062-<\/div>\n<div>1 (\u03bcd &lt; 0.05m).\u00bb (norme Belge, a d\u00e9faut de norme chez nous)<\/div>\n<div>Cette recommandation est formul\u00e9e pour limiter le risque d\u2019une accumulation progressive de la condensation \u00e0 la surface ext\u00e9rieure (juste \u00e0 l\u2019arri\u00e8re de la couche de peinture). Sans quoi, en cas de gel, on risquerait une desquamation de la peinture, voire de la brique si la peinture \u00e0 un fort pouvoir adh\u00e9rent. En ce qui concerne la<\/div>\n<div>brique :<\/div>\n<div>Lorsqu\u2019on peint ou on enduit une ma\u00e7onnerie de briques, la teneur<\/div>\n<div>en sulfate et la r\u00e9sistance au gel de la brique et de la ma\u00e7onnerie sont<\/div>\n<div>importantes :<\/div>\n<div>&#8211;<\/div>\n<div>Il est pr\u00e9f\u00e9rable d\u2019utiliser des briques \u00e0 tr\u00e8s faible teneur en sels solubles actifs. En ce qui concerne le projet :<\/div>\n<div>&#8211;<\/div>\n<div>Il est de la responsabilit\u00e9 de l\u2019architecte de fournir une description techniquement correcte des sp\u00e9cifications de la ma\u00e7onnerie de parement sur laquelle la couche de finition doit \u00eatre pos\u00e9e.<\/div>\n<div>&#8211;<\/div>\n<div>Il est ensuite de la responsabilit\u00e9 du fabricant de la couche de finition de d\u00e9terminer les propri\u00e9t\u00e9s du support et d\u2019y adapter les sp\u00e9cifications de la couche de finition.<\/div>\n<div>&#8211;<\/div>\n<div>Il faut \u00e9galement tenir compte du fait que les interactions chimiques de la ma\u00e7onnerie sur la peinture sont, hormis la brique, essentiellement fonction du mortier de pose et du mortier de jointoiement.<\/div>\n<div>&#8211;<\/div>\n<div>Il est souhaitable que les d\u00e9tails soient r\u00e9alis\u00e9s de sorte \u00e0 garder le mur sec. En ce qui concerne la<\/div>\n<div>mise en \u0153uvre :<\/div>\n<div>&#8211;<\/div>\n<div>Le mur doit \u00eatre sec lors de l\u2019application de la peinture.<\/div>\n<div>&#8211;<\/div>\n<div>Pour les constructions neuves, ne peindre qu\u2019apr\u00e8s un an car la<\/div>\n<div>pr\u00e9sence de sels solubles actifs peut occasionner des d\u00e9g\u00e2ts.<\/div>\n<div>(G\u00e9n\u00e9ralement, la pellicule blanche aura disparu apr\u00e8s un an).<\/div>\n<div>&#8211;<\/div>\n<div>Classe de duret\u00e9 du joint VH35<\/div>\n<div>&#8211;<\/div>\n<div>Les briques pr\u00e9sentant un sablage important doivent \u00eatre bross\u00e9es avant l\u2019application de la peinture.<\/div>\n<div>&#8211;<\/div>\n<div>Pr\u00e9voir des joints verticaux ouverts (toutes les deux \u00e0 trois briques), au droit de toutes les extr\u00e9mit\u00e9s horizontales d\u2019une ma\u00e7onnerie, comme en dessous et au-dessus des encadrements de fen\u00eatres ainsi qu\u2019aux raccords de toiture.<\/div>\n<div>&#8211;<\/div>\n<div>Pour une \u00e9vacuation correcte de l\u2019humidit\u00e9 qui peut appara\u00eetre \u00e0 l\u2019arri\u00e8re du parement, pr\u00e9voir des joints verticaux ouverts (toutes les deux briques), \u00e0 hauteur du raccord de la ma\u00e7onnerie avec les fondations.<\/div>\n<div>&#8211;<\/div>\n<div>Il faut \u00e9galement tenir compte des \u00e9claboussures dues \u00e0 la pluie, principalement pour les fa\u00e7ades peintes en blanc. Il est d\u00e8s lors conseill\u00e9 de ne pas peindre les 50 cm du bas de mur pour \u00e9viter que<\/div>\n<div>le bas du mur ne soit sali.<\/div>\n<div>&#8211;<\/div>\n<div>Si de la mousse ou de la verdure appara\u00eet, utiliser une brosse en acier ou une spatule pour l\u2019\u00e9liminer.<\/div>\n<div>&#8211;<\/div>\n<div>Avant de peindre, il faut d\u2019abord r\u00e9soudre les \u00e9ventuels probl\u00e8mes d\u2019humidit\u00e9 ascensionnelle.<\/div>\n<div>Avant de d\u00e9buter les travaux de peinture, il faut contr\u00f4ler si le support est en bon \u00e9tat et r\u00e9pond aux normes et prescriptions en vigueur. Il faut notamment :<\/div>\n<div>&#8211;<\/div>\n<div>R\u00e9soudre les probl\u00e8mes de physique du b\u00e2timent.<\/div>\n<div>&#8211;<\/div>\n<div>Eliminer les efflorescences et, si n\u00e9cessaire, en traiter les causes pour \u00e9viter leur r\u00e9apparition.<\/div>\n<div>&#8211;<\/div>\n<div>R\u00e9soudre les probl\u00e8mes d\u2019humidit\u00e9.<\/div>\n<div>&#8211;<\/div>\n<div>R\u00e9parer les d\u00e9g\u00e2ts \u00e9ventuels (fissures et joints). Peinture sur murs int\u00e9rieurs Peindre des ma\u00e7onneries int\u00e9rieures est \u00e9videmment moins probl\u00e9matique et en principe, toutes les briques peuvent convenir.<\/div>\n<div>Cependant, afin d\u2019\u00e9viter toute surprise, il faut tenir compte de quelques principes de base :<\/div>\n<div>&#8211;<\/div>\n<div>Tout comme pour une ma\u00e7onnerie de parement, il ne faut pas peindre la ma\u00e7onnerie avant qu\u2019elle n\u2019ait compl\u00e8tement s\u00e9ch\u00e9. Il faut parfois attendre un \u00e0 deux ans avant d\u2019appliquer la peinture.<\/div>\n<div>&#8211;<\/div>\n<div>Peindre des briques de parement moul\u00e9es main n\u2019a pas beaucoup de sens car d\u2019une part, elles sont plus ch\u00e8res que les briques \u00e9tir\u00e9es et d\u2019autre part, elles sont disponibles dans toutes les couleurs et nuances, et ce \u00e9galement dans les teintes claires. De par leur surface rugueuse, les briques moul\u00e9es main risquent de pr\u00e9senter, au fil du temps, une apparence poussi\u00e9reuse.<\/div>\n<div>&#8211;<\/div>\n<div>On peut toujours peindre des briques ordinaires; pour les blocs perfor\u00e9s pour murs int\u00e9rieurs, il faut pr\u00e9ciser lors de la commande que la ma\u00e7onnerie est destin\u00e9e \u00e0 \u00eatre peinte. Sinon, des blocs stri\u00e9s peuvent \u00eatre livr\u00e9s alors que ceux-ci ont une toute autre vocation, celle d\u2019am\u00e9liorer l\u2019adh\u00e9rence du plafonnage.<\/div>\n<div>&#8211;<\/div>\n<div>Pour des briques lisses, on sera attentif \u00e0 ce qu\u2019elles ne contiennent pas de nodules de chaux ou autres inclusions qui seraient inesth\u00e9tiques. Il est d\u00e8s lors encore conseill\u00e9 d\u2019attendre une ann\u00e9e apr\u00e8s la mise en \u0153uvre de la ma\u00e7onnerie pour peindre le mur. Les m\u00eames prescriptions que celles renseign\u00e9es ci-avant pour les murs ext\u00e9rieurs, sont d\u2019application : \u00e0 savoir, avant de d\u00e9buter les travaux de peinture, contr\u00f4ler le bon \u00e9tat du support et sa conformit\u00e9 aux normes et prescriptions en vigueur.<\/div>\n<div><\/div>\n<div>\u00abGuide de bonne pratique pour l\u2019ex\u00e9cution des travaux de peinture\u00bb<\/div>\n<div>Dans la note d\u2019information technique 249 du CSTC, on d\u00e9finit des degr\u00e9s d\u2019ex\u00e9cution pour les travaux de peinture : Degr\u00e9 I Finition de base &#8211; Degr\u00e9 II Finition standard &#8211; Degr\u00e9 III Finition de qualit\u00e9<\/div>\n<div>sup\u00e9rieure.<\/div>\n<div>Tableau des degr\u00e9s d\u2019ex\u00e9cution des travaux de peinture :<\/div>\n<div>Degr\u00e9 d\u2019ex\u00e9cution, Description, Degr\u00e9 I<\/div>\n<div>\u2013 Finition de base<\/div>\n<div>Le subjectile n\u2019est pas corrig\u00e9. Pour les syst\u00e8mes couvrants, le syst\u00e8me de peinture couvre et colore le subjectile, mais l\u2019\u00e9tat de la surface reste visible. Pour les syst\u00e8mes transparents, le syst\u00e8me couvre le subjectile, mais l\u2019\u00e9tat de la surface reste visible. Des diff\u00e9rences locales d\u2019aspect, de couleur et de brillance sont admises.<\/div>\n<div>Degr\u00e9 II \u2013 Finition standard<\/div>\n<div>Le subjectile doit \u00eatre plan. Ses in\u00e9galit\u00e9s (trous, bavures, fissures, etc.) sont \u00e9limin\u00e9es. Le rendu de la peinture est uniforme en termes de brillance, de couvrance et de couleur. Les syst\u00e8mes transparents sont uniformes en termes de brillance et de couleur. Dans les deux cas, de petites diff\u00e9rences de texture sont admises (surfaces non lisses).<\/div>\n<div>Degr\u00e9 III \u2013 Finition de qualit\u00e9 sup\u00e9rieure<\/div>\n<div>Le subjectile doit \u00eatre plan et lisse. La rugosit\u00e9 est \u00e9limin\u00e9e. Il s\u2019agit du degr\u00e9 d\u2019ex\u00e9cution le plus \u00e9lev\u00e9 pour le subjectile et le rev\u00eatement. Le syst\u00e8me de peinture est uniform\u00e9ment lisse. Il est \u00e9galement uniforme en termes de brillance, de couvrance et de couleur. Les syst\u00e8mes transparents sont uniform\u00e9ment lisses. Ils sont aussi uniformes en termes de brillance et de couleur.<\/div>\n<div>\n<div>Le ma\u00eetre d\u2019ouvrage doit d\u00e9finir, au pr\u00e9alable, les exigences en mati\u00e8re de degr\u00e9 d\u2019ex\u00e9cution de la peinture. A d\u00e9faut de prescriptions particuli\u00e8res dans le cahier des charges, le degr\u00e9 d\u2019ex\u00e9cution devant \u00eatre<\/div>\n<div>appliqu\u00e9 par d\u00e9faut (niveau standard) est indiqu\u00e9 dans les tableaux. Pour \u00e9viter des probl\u00e8mes de d\u00e9collement de la peinture, il faut veiller \u00e0 ce que le support soit suffisamment sec lors de l\u2019application de la<\/div>\n<div>peinture. Ainsi, le taux d\u2019humidit\u00e9 admis pour l\u2019application de peinture sur ma\u00e7onnerie est &lt; 3 \u00e0 5 % en masse. (Ces valeurs correspondent \u00e0 l\u2019humidit\u00e9 d\u2019\u00e9quilibre du mat\u00e9riau, d\u00e9termin\u00e9e \u00e0 un taux d\u2019humidit\u00e9<\/div>\n<div>relative de l\u2019air ambiant de 65% et \u00e0 une temp\u00e9rature de 20\u00b0C).<\/div>\n<div><\/div>\n<\/div>\n<div class=\"canvasWrapper\"><\/div>\n","protected":false},"excerpt":{"rendered":"<p>Peinture sur murs ext\u00e9rieurs Il est inutile de poser une couche de finition, sous la forme d\u2019une peinture, sur une ma\u00e7onnerie de parement pour qu\u2019elle soit r\u00e9alis\u00e9e correctement. Que la peinture prot\u00e8ge la ma\u00e7onnerie et qu\u2019on peut d\u00e8s lors utiliser des briques meilleur march\u00e9 que pour un parement non peint, sont des id\u00e9es fausses qui [&hellip;]<\/p>\n","protected":false},"author":1,"featured_media":0,"parent":0,"menu_order":0,"comment_status":"closed","ping_status":"closed","template":"","meta":{"footnotes":""},"_links":{"self":[{"href":"http:\/\/naturebrique.com\/index.php?rest_route=\/wp\/v2\/pages\/185"}],"collection":[{"href":"http:\/\/naturebrique.com\/index.php?rest_route=\/wp\/v2\/pages"}],"about":[{"href":"http:\/\/naturebrique.com\/index.php?rest_route=\/wp\/v2\/types\/page"}],"author":[{"embeddable":true,"href":"http:\/\/naturebrique.com\/index.php?rest_route=\/wp\/v2\/users\/1"}],"replies":[{"embeddable":true,"href":"http:\/\/naturebrique.com\/index.php?rest_route=%2Fwp%2Fv2%2Fcomments&post=185"}],"version-history":[{"count":2,"href":"http:\/\/naturebrique.com\/index.php?rest_route=\/wp\/v2\/pages\/185\/revisions"}],"predecessor-version":[{"id":187,"href":"http:\/\/naturebrique.com\/index.php?rest_route=\/wp\/v2\/pages\/185\/revisions\/187"}],"wp:attachment":[{"href":"http:\/\/naturebrique.com\/index.php?rest_route=%2Fwp%2Fv2%2Fmedia&parent=185"}],"curies":[{"name":"wp","href":"https:\/\/api.w.org\/{rel}","templated":true}]}}