{"id":211,"date":"2018-10-11T17:05:16","date_gmt":"2018-10-11T15:05:16","guid":{"rendered":"http:\/\/naturebrique.com\/?page_id=211"},"modified":"2020-09-15T11:52:11","modified_gmt":"2020-09-15T09:52:11","slug":"briques-et-environnement","status":"publish","type":"page","link":"http:\/\/naturebrique.com\/?page_id=211","title":{"rendered":"Briques et environnement"},"content":{"rendered":"<h6 class=\"western\" lang=\"fr-BE\"><span style=\"color: #4f4f4f;\"><span style=\"font-family: Yanone Kaffeesatz, Times New Roman;\"><span style=\"font-size: 300%;\">Maison: les briques, c\u2019est fantastique<\/span><\/span><\/span><\/h6>\n<div id=\"Section1\" dir=\"ltr\"><\/div>\n<p class=\"western\" lang=\"fr-BE\" align=\"justify\"><span style=\"color: #333333;\"><span style=\"font-family: Roboto Condensed, Arial;\">\u00ab\u00a0La brique est une source d\u2019<\/span><\/span><span style=\"color: #333333;\"><span style=\"font-family: Roboto Condensed, Arial;\"><b>enseignement<\/b><\/span><\/span><span style=\"color: #333333;\"><span style=\"font-family: Roboto Condensed, Arial;\">. Petite et discr\u00e8te, mais combien utile pour chaque usage ! Quelle logique dans l\u2019association, le motif et la texture ! Et quelle <\/span><\/span><span style=\"color: #333333;\"><span style=\"font-family: Roboto Condensed, Arial;\"><b>richesse <\/b><\/span><\/span><span style=\"color: #333333;\"><span style=\"font-family: Roboto Condensed, Arial;\">dans une simple surface de ma\u00e7onnerie ! Mais quelle discipline exige aussi ce mat\u00e9riau !\u00a0\u00bb<\/span><\/span><\/p>\n<p class=\"western\" lang=\"fr-BE\" align=\"justify\"><span style=\"color: #333333;\"><span style=\"font-family: Roboto Condensed, Arial;\"><b>(Mies van der Rohe<\/b><\/span><\/span><span style=\"color: #333333;\"><span style=\"font-family: Roboto Condensed, Arial;\">,1938)<\/span><\/span><\/p>\n<p class=\"western\" lang=\"fr-BE\" align=\"justify\"><span style=\"color: #333333;\"><span style=\"font-family: Roboto Condensed, Arial;\">N\u00e9e il y a plusieurs milliers d\u2019ann\u00e9es, la <\/span><\/span><span style=\"color: #333333;\"><span style=\"font-family: Roboto Condensed, Arial;\"><b>brique <\/b><\/span><\/span><span style=\"color: #333333;\"><span style=\"font-family: Roboto Condensed, Arial;\">en <\/span><\/span><span style=\"color: #333333;\"><span style=\"font-family: Roboto Condensed, Arial;\"><b>terre cuite <\/b><\/span><\/span><span style=\"color: #333333;\"><span style=\"font-family: Roboto Condensed, Arial;\">a toujours \u00e9t\u00e9 un <\/span><\/span><span style=\"color: #333333;\"><span style=\"font-family: Roboto Condensed, Arial;\"><b>mat\u00e9riau <\/b><\/span><\/span><span style=\"color: #333333;\"><span style=\"font-family: Roboto Condensed, Arial;\">particulier. Actuellement, la terre cuite est une substance constamment employ\u00e9e. Non <\/span><\/span><span style=\"color: #000080;\"><span lang=\"zxx\"><u><span style=\"color: #333333;\"><span style=\"font-family: Roboto Condensed, Arial;\"><a class=\"western\" href=\"http:\/\/www.consoglobe.com\/cp1864-2062_adresses-connaitre-produits-toxiques.html\">toxique<\/a> <\/span><\/span><\/u><\/span><\/span><span style=\"color: #333333;\"><span style=\"font-family: Roboto Condensed, Arial;\">et <\/span><\/span><span style=\"color: #000080;\"><span lang=\"zxx\"><u><a class=\"western\" href=\"http:\/\/www.consoglobe.com\/recyclage\/\"><span style=\"color: #333333;\"><span style=\"font-family: Roboto Condensed, Arial;\">recyclable<\/span><\/span><\/a><\/u><\/span><\/span><span style=\"color: #333333;\"><span style=\"font-family: Roboto Condensed, Arial;\">, la brique en terre cuite n\u2019a pas fini de nous surprendre d\u2019autant que les ma\u00eetres d\u2019ouvrage <\/span><\/span><span style=\"color: #333333;\"><span style=\"font-family: Roboto Condensed, Arial;\"><b>cr\u00e9atifs <\/b><\/span><\/span><span style=\"color: #333333;\"><span style=\"font-family: Roboto Condensed, Arial;\">lui offrent une <\/span><\/span><span style=\"color: #333333;\"><span style=\"font-family: Roboto Condensed, Arial;\"><b>modernit\u00e9 <\/b><\/span><\/span><span style=\"color: #333333;\"><span style=\"font-family: Roboto Condensed, Arial;\">qui lui va \u00e0 ravir.<\/span><\/span><\/p>\n<p class=\"western\" lang=\"fr-BE\" align=\"justify\"><span style=\"color: #333333;\"><span style=\"font-family: Roboto Condensed, Arial;\">Les puristes l\u2019adoptent alors qu\u2019elle continue de faire le bonheur des adeptes de la r\u00e9novation. En plus de son <\/span><\/span><span style=\"color: #333333;\"><span style=\"font-family: Roboto Condensed, Arial;\"><b>esth\u00e9tisme<\/b><\/span><\/span><span style=\"color: #333333;\"><span style=\"font-family: Roboto Condensed, Arial;\">, la terre cuite sous toutes ses formes apporte du<\/span><\/span> <span style=\"color: #339933;\"><span style=\"font-family: Roboto Condensed, Arial;\"><b>confort <\/b><\/span><\/span><span style=\"color: #333333;\"><span style=\"font-family: Roboto Condensed, Arial;\">et de la <\/span><\/span><span style=\"color: #333333;\"><span style=\"font-family: Roboto Condensed, Arial;\"><b>s\u00e9curit\u00e9<\/b><\/span><\/span><span style=\"color: #333333;\"><span style=\"font-family: Roboto Condensed, Arial;\">, car c\u2019est un mat\u00e9riau <\/span><\/span><span style=\"color: #333333;\"><span style=\"font-family: Roboto Condensed, Arial;\"><b>isolant<\/b><\/span><\/span><span style=\"color: #333333;\"><span style=\"font-family: Roboto Condensed, Arial;\">, sans oublier qu\u2019elle respecte parfaitement l\u2019<\/span><\/span><span style=\"color: #000080;\"><span lang=\"zxx\"><u><a class=\"western\" href=\"http:\/\/www.planetoscope.com\/index.php?catID=2\"><span style=\"color: #333333;\"><span style=\"font-family: Roboto Condensed, Arial;\">environnement<\/span><\/span><\/a><\/u><\/span><\/span><span style=\"color: #333333;\"><span style=\"font-family: Roboto Condensed, Arial;\">. L\u2019emploi de la brique de terre cuite est attest\u00e9e depuis <\/span><\/span><span style=\"color: #333333;\"><span style=\"font-family: Roboto Condensed, Arial;\"><b>5000 <\/b><\/span><\/span><span style=\"color: #333333;\"><span style=\"font-family: Roboto Condensed, Arial;\">ans avant J\u00e9sus Christ en M\u00e9sopotamie. De nombreuses civilisations l\u2019ont choisi pour \u00e9lever des \u00e9difices majeurs encore debout aujourd\u2019hui comme la <\/span><\/span><span style=\"color: #333333;\"><span style=\"font-family: Roboto Condensed, Arial;\"><b>Grande Muraille de Chine<\/b><\/span><\/span><span style=\"color: #333333;\"><span style=\"font-family: Roboto Condensed, Arial;\">. Gr\u00e2ce \u00e0 sa facilit\u00e9 de mise en \u0153uvre, la brique permet de r\u00e9aliser des formes multiples.<\/span><\/span><\/p>\n<p class=\"western\" lang=\"fr-BE\" align=\"justify\"><span style=\"color: #333333;\"><span style=\"font-family: Roboto Condensed, Arial;\">La brique en terre cuite, tout comme la brique en terre crue, est simple \u00e0 utiliser et tr\u00e8s <\/span><\/span><span style=\"color: #000080;\"><span lang=\"zxx\"><u><span style=\"color: #333333;\"><span style=\"font-family: Roboto Condensed, Arial;\"><a class=\"western\" href=\"http:\/\/www.consoglobe.com\/bp113-1922_dossier-electromenager-ecologiquement-correct.html\">\u00e9conomique<\/a> <\/span><\/span><\/u><\/span><\/span><span style=\"color: #333333;\"><span style=\"font-family: Roboto Condensed, Arial;\">en plus d\u2019\u00eatre tr\u00e8s consistant. C\u2019est pour cela que les maisons faites \u00e0 partir de brique en terre cuite durent longtemps et permettent une certaine <\/span><\/span><span style=\"color: #333333;\"><span style=\"font-family: Roboto Condensed, Arial;\"><b>assurance<\/b><\/span><\/span><span style=\"color: #333333;\"><span style=\"font-family: Roboto Condensed, Arial;\">.<\/span><\/span><\/p>\n<h2 class=\"western\" lang=\"fr-BE\"><span style=\"color: #4f4f4f;\"><span style=\"font-family: Roboto Condensed, Arial;\"><span style=\"font-size: large;\">Les avantages des maisons en terre cuite<\/span><\/span><\/span><\/h2>\n<p class=\"western\" lang=\"fr-BE\" align=\"justify\"><span style=\"color: #333333;\"><span style=\"font-family: Roboto Condensed, Arial;\">La brique est un produit compl\u00e8tement <\/span><\/span><span style=\"color: #333333;\"><span style=\"font-family: Roboto Condensed, Arial;\"><b>r\u00e9cup\u00e9rable <\/b><\/span><\/span><span style=\"color: #333333;\"><span style=\"font-family: Roboto Condensed, Arial;\">qui ne contient aucun produit susceptible de <\/span><\/span><span style=\"color: #000080;\"><span lang=\"zxx\"><u><span style=\"color: #333333;\"><span style=\"font-family: Roboto Condensed, Arial;\"><a class=\"western\" href=\"http:\/\/www.encyclo-ecolo.com\/Gaz_%C3%A0_effet_de_serre\">polluer<\/a> <\/span><\/span><\/u><\/span><\/span><span style=\"color: #333333;\"><span style=\"font-family: Roboto Condensed, Arial;\">l\u2019air. De plus, contrairement aux apparences, elle se caract\u00e9rise par sa <\/span><\/span><span style=\"color: #333333;\"><span style=\"font-family: Roboto Condensed, Arial;\"><b>flexibilit\u00e9 <\/b><\/span><\/span><span style=\"color: #333333;\"><span style=\"font-family: Roboto Condensed, Arial;\">et sa <\/span><\/span><span style=\"color: #333333;\"><span style=\"font-family: Roboto Condensed, Arial;\"><b>souplesse <\/b><\/span><\/span><span style=\"color: #333333;\"><span style=\"font-family: Roboto Condensed, Arial;\">d\u2019utilisation. <\/span><\/span><span style=\"color: #333333;\"><span style=\"font-family: Roboto Condensed, Arial;\"><b>R\u00e9sistante <\/b><\/span><\/span><span style=\"color: #333333;\"><span style=\"font-family: Roboto Condensed, Arial;\">\u00e0 toutes les influences chimiques, la brique est <\/span><\/span><span style=\"color: #333333;\"><span style=\"font-family: Roboto Condensed, Arial;\"><b>incombustible<\/b><\/span><\/span><span style=\"color: #333333;\"><span style=\"font-family: Roboto Condensed, Arial;\">.<\/span><\/span><\/p>\n<p class=\"western\" lang=\"fr-BE\" align=\"justify\"><span style=\"color: #333333;\"><span style=\"font-family: Roboto Condensed, Arial;\">La mati\u00e8re premi\u00e8re de la brique, l\u2019<\/span><\/span><span style=\"color: #333333;\"><span style=\"font-family: Roboto Condensed, Arial;\"><b>argile<\/b><\/span><\/span><span style=\"color: #333333;\"><span style=\"font-family: Roboto Condensed, Arial;\">, est tout \u00e0 fait disponible au B\u00e9nin et donc proche des lieux de production. Elle est extraite des argili\u00e8res \u00e0 ciel ouvert, m\u00e9ticuleusement model\u00e9e et s\u00e9ch\u00e9e avec la chaleur r\u00e9siduelle du processus de cuisson.<\/span><\/span><\/p>\n<p class=\"western\" lang=\"fr-BE\" align=\"justify\"><span style=\"color: #333333;\"><span style=\"font-family: Roboto Condensed, Arial;\">La quantit\u00e9 d\u2019<\/span><\/span><span style=\"color: #000080;\"><span lang=\"zxx\"><u><span style=\"color: #333333;\"><span style=\"font-family: Roboto Condensed, Arial;\"><a class=\"western\" href=\"http:\/\/www.encyclo-ecolo.com\/Energies_fossiles\">\u00e9nergie<\/a> <\/span><\/span><\/u><\/span><\/span><span style=\"color: #333333;\"><span style=\"font-family: Roboto Condensed, Arial;\">n\u00e9cessaire au processus de cuisson a \u00e9t\u00e9 amplement r\u00e9duite au cours des derni\u00e8res d\u00e9cennies gr\u00e2ce \u00e0 l\u2019\u00e9mergence de <\/span><\/span><span style=\"color: #333333;\"><span style=\"font-family: Roboto Condensed, Arial;\"><b>nouvelles technologies<\/b><\/span><\/span><span style=\"color: #333333;\"><span style=\"font-family: Roboto Condensed, Arial;\">. La brique pr\u00e9sente actuellement un <\/span><\/span><span style=\"color: #000080;\"><span lang=\"zxx\"><u><span style=\"color: #333333;\"><span style=\"font-family: Roboto Condensed, Arial;\"><a class=\"western\" href=\"http:\/\/www.consoglobe.com\/energies-renouvelables\/\">bilan \u00e9nerg\u00e9tique<\/a> <\/span><\/span><\/u><\/span><\/span><span style=\"color: #333333;\"><span style=\"font-family: Roboto Condensed, Arial;\">des plus encourageants. Fabriqu\u00e9e \u00e0 partir d\u2019\u00e9l\u00e9ments <\/span><\/span><span style=\"color: #339933;\"><span style=\"font-family: Roboto Condensed, Arial;\"><b>100% naturels<\/b><\/span><\/span><span style=\"color: #333333;\"><span style=\"font-family: Roboto Condensed, Arial;\">, elle ne demande presque pas d\u2019entretien.<\/span><\/span><\/p>\n<p class=\"western\" lang=\"fr-BE\" align=\"justify\"><span style=\"color: #333333;\"><span style=\"font-family: Roboto Condensed, Arial;\">En utilisation, les murs en briques de <\/span><\/span><span style=\"color: #333333;\"><span style=\"font-family: Roboto Condensed, Arial;\"><b>terre cuite <\/b><\/span><\/span><span style=\"color: #333333;\"><span style=\"font-family: Roboto Condensed, Arial;\">pr\u00e9sentent un taux d\u2019humidit\u00e9 <\/span><\/span><span style=\"color: #333333;\"><span style=\"font-family: Roboto Condensed, Arial;\"><b>tr\u00e8s faible<\/b><\/span><\/span><span style=\"color: #333333;\"><span style=\"font-family: Roboto Condensed, Arial;\">, de l\u2019ordre de <\/span><\/span><span style=\"color: #333333;\"><span style=\"font-family: Roboto Condensed, Arial;\"><b>0,05 <\/b><\/span><\/span><span style=\"color: #333333;\"><span style=\"font-family: Roboto Condensed, Arial;\">en volume, ce qui est tr\u00e8s peu par rapport \u00e0 des mat\u00e9riaux de construction li\u00e9s au <\/span><\/span><span style=\"color: #333333;\"><span style=\"font-family: Roboto Condensed, Arial;\"><b>ciment <\/b><\/span><\/span><span style=\"color: #333333;\"><span style=\"font-family: Roboto Condensed, Arial;\">tels que le <\/span><\/span><span style=\"color: #333333;\"><span style=\"font-family: Roboto Condensed, Arial;\"><b>b\u00e9ton<\/b><\/span><\/span><span style=\"color: #333333;\"><span style=\"font-family: Roboto Condensed, Arial;\">, le b\u00e9ton l\u00e9ger, le b\u00e9ton cellulaire ou la brique silico-calcaire. Plus un mat\u00e9riau de construction est sec, plus sa conductibilit\u00e9 <\/span><\/span><span style=\"color: #333333;\"><span style=\"font-family: Roboto Condensed, Arial;\"><b>thermique <\/b><\/span><\/span><span style=\"color: #333333;\"><span style=\"font-family: Roboto Condensed, Arial;\">est basse et meilleure est son <\/span><\/span><span style=\"color: #000080;\"><span lang=\"zxx\"><u><span style=\"color: #333333;\"><span style=\"font-family: Roboto Condensed, Arial;\"><a class=\"western\" href=\"http:\/\/www.consoglobe.com\/cp335-2123_maison-isolation-thermique-ecologique.html\">isolation<\/a> <\/span><\/span><\/u><\/span><\/span><span style=\"color: #333333;\"><span style=\"font-family: Roboto Condensed, Arial;\">thermique. La brique absorbe ainsi l\u2019humidit\u00e9 ambiante et la diffuse vers l\u2019ext\u00e9rieur. Cette \u00ab\u00a0respiration\u00a0\u00bb de la paroi apporte un grand <\/span><\/span><span style=\"color: #333333;\"><span style=\"font-family: Roboto Condensed, Arial;\"><b>confort <\/b><\/span><\/span><span style=\"color: #333333;\"><span style=\"font-family: Roboto Condensed, Arial;\">int\u00e9rieur et exerce un effet b\u00e9n\u00e9fique sur les habitants.<\/span><\/span><\/p>\n<ul>\n<li>\n<p class=\"western\" lang=\"fr-BE\" align=\"justify\"><span style=\"color: #333333;\"><span style=\"font-family: Roboto Condensed, Arial;\">Outre les avantages <\/span><\/span><span style=\"color: #000080;\"><span lang=\"zxx\"><u><span style=\"color: #333333;\"><span style=\"font-family: Roboto Condensed, Arial;\"><a class=\"western\" href=\"http:\/\/www.consoglobe.com\/ac-environnement-biodiversite_2049_rechauffement-climatique-neige-aout.html\">climatiques<\/a> <\/span><\/span><\/u><\/span><\/span><span style=\"color: #333333;\"><span style=\"font-family: Roboto Condensed, Arial;\">de ce mat\u00e9riau, c\u2019est son aspect familier et naturel qui nous pla\u00eet. Avec la brique en terre cuite, la nature nous offre un mat\u00e9riau de construction \u00e0 son image. A partir des \u00e9l\u00e9ments que sont l\u2019<\/span><\/span><span style=\"color: #333333;\"><span style=\"font-family: Roboto Condensed, Arial;\"><b>argile<\/b><\/span><\/span><span style=\"color: #333333;\"><span style=\"font-family: Roboto Condensed, Arial;\">, l\u2019<\/span><\/span><span style=\"color: #000080;\"><span lang=\"zxx\"><u><a class=\"western\" href=\"http:\/\/www.consoglobe.com\/ac-alimentation-bio_2031_sante-eau-naturelle-essentielle.html\"><span style=\"color: #333333;\"><span style=\"font-family: Roboto Condensed, Arial;\">eau<\/span><\/span><\/a><\/u><\/span><\/span><span style=\"color: #333333;\"><span style=\"font-family: Roboto Condensed, Arial;\">, le <\/span><\/span><span style=\"color: #333333;\"><span style=\"font-family: Roboto Condensed, Arial;\"><b>feu <\/b><\/span><\/span><span style=\"color: #333333;\"><span style=\"font-family: Roboto Condensed, Arial;\">et l\u2019<\/span><\/span><span style=\"color: #333333;\"><span style=\"font-family: Roboto Condensed, Arial;\"><b>air<\/b><\/span><\/span><span style=\"color: #333333;\"><span style=\"font-family: Roboto Condensed, Arial;\">, nous pouvons \u00e9laborer le <\/span><\/span><span style=\"color: #333333;\"><span style=\"font-family: Roboto Condensed, Arial;\"><b>mat\u00e9riau <\/b><\/span><\/span><span style=\"color: #333333;\"><span style=\"font-family: Roboto Condensed, Arial;\">de base des murs qui vont nous garantir protection et s\u00e9curit\u00e9.<\/span><\/span><\/p>\n<p><span style=\"color: #333333;\"><span style=\"font-family: Roboto Condensed, Arial;\"><b>Riche <\/b><\/span><\/span><span style=\"color: #333333;\"><span style=\"font-family: Roboto Condensed, Arial;\">et <\/span><\/span><span style=\"color: #333333;\"><span style=\"font-family: Roboto Condensed, Arial;\"><b>polyvalente<\/b><\/span><\/span><span style=\"color: #333333;\"><span style=\"font-family: Roboto Condensed, Arial;\">, la brique en terre cuite pr\u00e9sente des caract\u00e9ristiques techniques de premier ordre tout en conservant ses propri\u00e9t\u00e9s<\/span><\/span> <span style=\"color: #339933;\"><span style=\"font-family: Roboto Condensed, Arial;\"><b>naturelles<\/b><\/span><\/span><span style=\"color: #333333;\"><span style=\"font-family: Roboto Condensed, Arial;\">.<\/span><\/span><\/li>\n<\/ul>\n<h2 class=\"western\" lang=\"fr-BE\"><span style=\"color: #4f4f4f;\"><span style=\"font-family: Roboto Condensed, Arial;\"><span style=\"font-size: large;\">Astuces \u00e9colo pour une bonne orientation de votre maison!<\/span><\/span><\/span><\/h2>\n<ul>\n<li>\n<p class=\"western\" lang=\"fr-BE\"><span style=\"color: #333333;\"><span style=\"font-family: Roboto Condensed, Arial;\">Pr\u00e9f\u00e9rez orienter la salle \u00e0 manger et le salon de votre <\/span><\/span><strong><span style=\"color: #333333;\"><span style=\"font-family: Roboto Condensed, Arial;\">maison <\/span><\/span><\/strong><span style=\"color: #333333;\"><span style=\"font-family: Roboto Condensed, Arial;\">vers le <\/span><\/span><span style=\"color: #333333;\"><span style=\"font-family: Roboto Condensed, Arial;\"><b>Sud<\/b><\/span><\/span><span style=\"color: #333333;\"><span style=\"font-family: Roboto Condensed, Arial;\">. En \u00e9t\u00e9, les fen\u00eatres expos\u00e9es plein Sud prot\u00e9geront de l\u2019ensoleillement direct et en hiver, elles feront entrer la <\/span><\/span><span style=\"color: #333333;\"><span style=\"font-family: Roboto Condensed, Arial;\"><b>chaleur du soleil<\/b><\/span><\/span><span style=\"color: #333333;\"><span style=\"font-family: Roboto Condensed, Arial;\">, sans \u00ab \u00e9blouir \u00bb les <\/span><\/span><strong><span style=\"color: #333333;\"><span style=\"font-family: Roboto Condensed, Arial;\">pi\u00e8ces <\/span><\/span><\/strong><span style=\"color: #333333;\"><span style=\"font-family: Roboto Condensed, Arial;\">\u00e0 vivre.<\/span><\/span><\/p>\n<\/li>\n<\/ul>\n<ul>\n<li>\n<p class=\"western\" lang=\"fr-BE\"><span style=\"color: #333333;\"><span style=\"font-family: Roboto Condensed, Arial;\">Pour vous r\u00e9veiller \u00e9t\u00e9 comme hiver avec les premiers rayons du soleil, orientez vos <\/span><\/span><strong><span style=\"color: #333333;\"><span style=\"font-family: Roboto Condensed, Arial;\">chambres <\/span><\/span><\/strong><span style=\"color: #333333;\"><span style=\"font-family: Roboto Condensed, Arial;\">vers l\u2019<\/span><\/span><span style=\"color: #333333;\"><span style=\"font-family: Roboto Condensed, Arial;\"><b>Est <\/b><\/span><\/span><span style=\"color: #333333;\"><span style=\"font-family: Roboto Condensed, Arial;\">!<br \/>\nEn plus de profiter du lever du soleil, cette orientation id\u00e9ale vous garantira la fra\u00eecheur de votre chambre en \u00e9t\u00e9!<\/span><\/span><\/p>\n<\/li>\n<\/ul>\n<ul>\n<li>\n<p class=\"western\" lang=\"fr-BE\"><span style=\"color: #333333;\"><span style=\"font-family: Roboto Condensed, Arial;\">La <\/span><\/span><strong><span style=\"color: #333333;\"><span style=\"font-family: Roboto Condensed, Arial;\">fa\u00e7ade <\/span><\/span><\/strong><span style=\"color: #333333;\"><span style=\"font-family: Roboto Condensed, Arial;\"><b>Nord <\/b><\/span><\/span><span style=\"color: #333333;\"><span style=\"font-family: Roboto Condensed, Arial;\">est la partie de la maison la plus expos\u00e9e au vent. Prot\u00e9gez-la en installant un mur v\u00e9g\u00e9tal (comme une haie de thuyas) . Cette cl\u00f4ture retiendra efficacement le vent du Nord, froid et humide!<\/span><\/span><\/p>\n<\/li>\n<\/ul>\n<h3 class=\"western\" lang=\"fr-BE\"><\/h3>\n","protected":false},"excerpt":{"rendered":"<p>Maison: les briques, c\u2019est fantastique \u00ab\u00a0La brique est une source d\u2019enseignement. Petite et discr\u00e8te, mais combien utile pour chaque usage ! Quelle logique dans l\u2019association, le motif et la texture ! Et quelle richesse dans une simple surface de ma\u00e7onnerie ! Mais quelle discipline exige aussi ce mat\u00e9riau !\u00a0\u00bb (Mies van der Rohe,1938) N\u00e9e il [&hellip;]<\/p>\n","protected":false},"author":1,"featured_media":0,"parent":192,"menu_order":0,"comment_status":"closed","ping_status":"closed","template":"","meta":{"footnotes":""},"_links":{"self":[{"href":"http:\/\/naturebrique.com\/index.php?rest_route=\/wp\/v2\/pages\/211"}],"collection":[{"href":"http:\/\/naturebrique.com\/index.php?rest_route=\/wp\/v2\/pages"}],"about":[{"href":"http:\/\/naturebrique.com\/index.php?rest_route=\/wp\/v2\/types\/page"}],"author":[{"embeddable":true,"href":"http:\/\/naturebrique.com\/index.php?rest_route=\/wp\/v2\/users\/1"}],"replies":[{"embeddable":true,"href":"http:\/\/naturebrique.com\/index.php?rest_route=%2Fwp%2Fv2%2Fcomments&post=211"}],"version-history":[{"count":4,"href":"http:\/\/naturebrique.com\/index.php?rest_route=\/wp\/v2\/pages\/211\/revisions"}],"predecessor-version":[{"id":282,"href":"http:\/\/naturebrique.com\/index.php?rest_route=\/wp\/v2\/pages\/211\/revisions\/282"}],"up":[{"embeddable":true,"href":"http:\/\/naturebrique.com\/index.php?rest_route=\/wp\/v2\/pages\/192"}],"wp:attachment":[{"href":"http:\/\/naturebrique.com\/index.php?rest_route=%2Fwp%2Fv2%2Fmedia&parent=211"}],"curies":[{"name":"wp","href":"https:\/\/api.w.org\/{rel}","templated":true}]}}