{"id":213,"date":"2018-10-11T17:06:21","date_gmt":"2018-10-11T15:06:21","guid":{"rendered":"http:\/\/naturebrique.com\/?page_id=213"},"modified":"2020-09-15T12:03:19","modified_gmt":"2020-09-15T10:03:19","slug":"types-de-mortier","status":"publish","type":"page","link":"http:\/\/naturebrique.com\/?page_id=213","title":{"rendered":"Types de mortier"},"content":{"rendered":"<h1 class=\"western\"><span style=\"color: #fa6919;\"><span style=\"font-family: arial, sans-serif;\"><span style=\"font-size: large;\"><b>MORTIER TRADITIONNEL POUR <\/b><\/span><\/span><\/span><span style=\"color: #fa6919;\"><span style=\"font-family: arial, sans-serif;\"><span style=\"font-size: large;\"><b>INT\u00c9RIEUR<\/b><\/span><\/span><\/span><span style=\"color: #fa6919;\"><span style=\"font-family: arial, sans-serif;\"><span style=\"font-size: large;\"><b> ET <\/b><\/span><\/span><\/span><span style=\"color: #fa6919;\"><span style=\"font-family: arial, sans-serif;\"><span style=\"font-size: large;\"><b>EXT\u00c9RIEUR<\/b><\/span><\/span><\/span><span style=\"color: #fa6919;\"><span style=\"font-family: arial, sans-serif;\"><span style=\"font-size: large;\"><b> A BASE DE CHAUX GRASSE EN <\/b><\/span><\/span><\/span><span style=\"color: #fa6919;\"><span style=\"font-family: arial, sans-serif;\"><span style=\"font-size: large;\"><b>P\u00c2TE<\/b><\/span><\/span><\/span><b><\/b><\/h1>\n<p align=\"justify\"><span style=\"color: #786e64;\"><span style=\"font-family: Arial, Helvetica, sans-serif;\"><span style=\"font-size: small;\">L<\/span><\/span><\/span><span style=\"color: #000000;\"><span style=\"font-family: Arial, Helvetica, sans-serif;\"><span style=\"font-size: small;\">e <\/span><\/span><\/span><strong><span style=\"color: #000000;\"><span style=\"font-family: Arial, Helvetica, sans-serif;\"><span style=\"font-size: small;\">mortier traditionnel a la chaux <\/span><\/span><\/span><\/strong><span style=\"color: #000000;\"><span style=\"font-family: Arial, Helvetica, sans-serif;\"><span style=\"font-size: small;\">utilise depuis l\u2019antiquit\u00e9 par les romains et le <\/span><\/span><\/span><strong><span style=\"color: #000000;\"><span style=\"font-family: Arial, Helvetica, sans-serif;\"><span style=\"font-size: small;\">mortier traditionnel b\u00e2tard <\/span><\/span><\/span><\/strong><span style=\"color: #000000;\"><span style=\"font-family: Arial, Helvetica, sans-serif;\"><span style=\"font-size: small;\">r\u00e9alise depuis l\u2019arriv\u00e9e du ciment Portland sur le marche dans les ann\u00e9es 1830 &#8211; 1840 ont fait leurs preuves jusqu\u2019en dans les ann\u00e9es 1960 &#8211; 1965 ou ils ont \u00e9t\u00e9 injustement remplaces par les\u00a0<\/span><\/span><\/span><strong><span style=\"color: #000000;\"><span style=\"font-family: Arial, Helvetica, sans-serif;\"><span style=\"font-size: small;\">mortiers<\/span><\/span><\/span><\/strong><span style=\"color: #000000;\"><span style=\"font-family: Arial, Helvetica, sans-serif;\"><span style=\"font-size: small;\">\u00a0au ciment pas n\u00e9cessairement de meilleure qualit\u00e9 et dont le moindre co\u00fbt est discutable.<\/span><\/span><\/span><\/p>\n<p align=\"left\"><span style=\"color: #000000;\"><span style=\"font-family: Arial, Helvetica, sans-serif;\"><span style=\"font-size: small;\">R\u00e9alisation de gob\u00e9ties<\/span><\/span><\/span> <span style=\"color: #000000;\"><span style=\"font-family: Arial, Helvetica, sans-serif;\"><span style=\"font-size: small;\">et <\/span><\/span><\/span><strong><span style=\"color: #000000;\"><span style=\"font-family: Arial, Helvetica, sans-serif;\"><span style=\"font-size: small;\">corps d\u2019enduit traditionnels<\/span><\/span><\/span><\/strong><span style=\"color: #000000;\"><span style=\"font-family: Arial, Helvetica, sans-serif;\"><span style=\"font-size: small;\">\u00a0int\u00e9rieurs \/ ext\u00e9rieurs pour travaux neufs et de r\u00e9novation.<br \/>\nImperm\u00e9able aux eaux de ruissellement.<br \/>\nExcellente perm\u00e9abilit\u00e9 a la vapeur d\u2019eau (laisse respirer les supports).<br \/>\nExcellente r\u00e9sistance et \u00e9lasticit\u00e9 des ouvrages r\u00e9alises, etc<\/span><\/span><\/span><span style=\"color: #786e64;\"><span style=\"font-family: Arial, Helvetica, sans-serif;\"><span style=\"font-size: small;\">.<\/span><\/span><\/span><\/p>\n<h3 class=\"western\" align=\"justify\"><span style=\"color: #ff6600;\"><span style=\"font-family: arial, sans-serif;\"><span style=\"font-size: large;\"><b>HISTORIQUE<\/b><\/span><\/span><\/span><\/h3>\n<p align=\"justify\"><span style=\"color: #000000;\"><span style=\"font-family: Arial, Helvetica, sans-serif;\"><span style=\"font-size: small;\">Le <\/span><\/span><\/span><strong><span style=\"color: #000000;\"><span style=\"font-family: Arial, Helvetica, sans-serif;\"><span style=\"font-size: small;\">mortier <\/span><\/span><\/span><\/strong><strong><span style=\"color: #000000;\"><span style=\"font-family: Arial, Helvetica, sans-serif;\"><span style=\"font-size: small;\">traditionnel<\/span><\/span><\/span><\/strong> <span style=\"color: #000000;\"><span style=\"font-family: Arial, Helvetica, sans-serif;\"><span style=\"font-size: small;\">\u00a0<\/span><\/span><\/span><strong><span style=\"color: #000000;\"><span style=\"font-family: Arial, Helvetica, sans-serif;\"><span style=\"font-size: small;\">a la chaux <\/span><\/span><\/span><\/strong><span style=\"color: #000000;\"><span style=\"font-family: Arial, Helvetica, sans-serif;\"><span style=\"font-size: small;\">utilise depuis l\u2019antiquit\u00e9 par les romains et le <\/span><\/span><\/span><strong><span style=\"color: #000000;\"><span style=\"font-family: Arial, Helvetica, sans-serif;\"><span style=\"font-size: small;\">mortier traditionnel b\u00e2tard <\/span><\/span><\/span><\/strong><span style=\"color: #000000;\"><span style=\"font-family: Arial, Helvetica, sans-serif;\"><span style=\"font-size: small;\">r\u00e9alise depuis l\u2019Arriv\u00e9e du ciment Portland sur le marche dans les ann\u00e9es 1830 &#8211; 1840 ont fait leurs preuves jusqu\u2019en dans les ann\u00e9es 1960 &#8211; 1965 ou ils ont \u00e9t\u00e9 injustement remplaces par les <\/span><\/span><\/span><strong><span style=\"color: #000000;\"><span style=\"font-family: Arial, Helvetica, sans-serif;\"><span style=\"font-size: small;\">mortiers <\/span><\/span><\/span><\/strong><span style=\"color: #000000;\"><span style=\"font-family: Arial, Helvetica, sans-serif;\"><span style=\"font-size: small;\">au ciment pas n\u00e9cessairement de meilleure qualit\u00e9 et dont le moindre co\u00fbt est discutable.<\/span><\/span><\/span><\/p>\n<h3 class=\"western\" align=\"justify\"><span style=\"color: #ff6600;\"><span style=\"font-family: arial, sans-serif;\"><span style=\"font-size: large;\"><b>CARACT\u00c9RISTIQUES<\/b><\/span><\/span><\/span><\/h3>\n<p><span style=\"color: #000000;\"><span style=\"font-family: Arial, Helvetica, sans-serif;\"><span style=\"font-size: small;\">R\u00e9alisation de <\/span><\/span><\/span><strong><span style=\"color: #000000;\"><span style=\"font-family: Arial, Helvetica, sans-serif;\"><span style=\"font-size: small;\">gobetis <\/span><\/span><\/span><\/strong><span style=\"color: #000000;\"><span style=\"font-family: Arial, Helvetica, sans-serif;\"><span style=\"font-size: small;\">et <\/span><\/span><\/span><strong><span style=\"color: #000000;\"><span style=\"font-family: Arial, Helvetica, sans-serif;\"><span style=\"font-size: small;\">corps d\u2019enduit traditionnels <\/span><\/span><\/span><\/strong><span style=\"color: #000000;\"><span style=\"font-family: Arial, Helvetica, sans-serif;\"><span style=\"font-size: small;\">int\u00e9rieurs \/ ext\u00e9rieurs pour travaux neufs et de r\u00e9novation.<br \/>\nImperm\u00e9able aux eaux de ruissellement.<br \/>\nExcellente perm\u00e9abilit\u00e9 \u00e0 la vapeur d\u2019eau (laisse respirer les supports).<br \/>\nExcellente r\u00e9sistance et \u00e9lasticit\u00e9 des ouvrages r\u00e9alises, etc.<\/span><\/span><\/span><\/p>\n<h3 class=\"western\" align=\"justify\"><span style=\"color: #ff6600;\"><span style=\"font-family: arial, sans-serif;\"><span style=\"font-size: large;\"><b>MISE EN \u0152UVRE<\/b><\/span><\/span><\/span><\/h3>\n<p align=\"left\"><strong><span style=\"color: #ff6600;\"><span style=\"font-family: Arial, Helvetica, sans-serif;\"><span style=\"font-size: small;\">Pr\u00e9paration<\/span><\/span><\/span><\/strong><strong><span style=\"color: #ff6600;\"><span style=\"font-family: Arial, Helvetica, sans-serif;\"><span style=\"font-size: small;\"> des supports<\/span><\/span><\/span><\/strong><span style=\"color: #786e64;\"><span style=\"font-family: Arial, Helvetica, sans-serif;\"><span style=\"font-size: small;\"><br \/>\nS<\/span><\/span><\/span><span style=\"color: #000000;\"><span style=\"font-family: Arial, Helvetica, sans-serif;\"><span style=\"font-size: small;\">ur tous supports min\u00e9raux, b\u00e9ton, b\u00e9ton cellulaire, ma\u00e7onneries anciennes (moellons, pierre, briques), etc.<br \/>\nLes surfaces doivent \u00eatre propres, saines, dures, coh\u00e9sives et absorbantes. Avant l\u2019application, humidifier les supports sans qu\u2019ils soient ruisselants.<\/span><\/span><\/span><\/p>\n<table style=\"height: 345px;\" width=\"715\" cellspacing=\"3\" cellpadding=\"2\">\n<colgroup>\n<col width=\"97\" \/>\n<col width=\"237\" \/>\n<col width=\"64\" \/>\n<col width=\"91\" \/>\n<col width=\"113\" \/> <\/colgroup>\n<tbody>\n<tr>\n<td width=\"97\"><\/td>\n<td width=\"237\">\n<h6 align=\"center\"><strong>Ma\u00e7onnerie anciennes (moellons, pierre, briques)<\/strong><\/h6>\n<\/td>\n<td width=\"64\">\n<h6 align=\"center\"><strong>Parpaing<\/strong><\/h6>\n<\/td>\n<td width=\"91\">\n<h6 align=\"center\"><strong>B\u00e9ton<br \/>\nB\u00e9ton cellulaire<\/strong><\/h6>\n<\/td>\n<td width=\"113\">\n<h6 align=\"center\"><strong>S\u00e9chage<\/strong><\/h6>\n<\/td>\n<\/tr>\n<tr>\n<td width=\"97\">\n<h6><strong>Gobetis a la chaux<\/strong><\/h6>\n<\/td>\n<td width=\"237\">\n<h6 align=\"center\">X<\/h6>\n<\/td>\n<td width=\"64\"><\/td>\n<td width=\"91\"><\/td>\n<td width=\"113\">\n<h6 align=\"center\">Environ 2 semaines<\/h6>\n<\/td>\n<\/tr>\n<tr>\n<td width=\"97\">\n<h6><strong>Gobetis batard<\/strong><\/h6>\n<\/td>\n<td width=\"237\">\n<h6 align=\"center\">X<\/h6>\n<\/td>\n<td width=\"64\"><\/td>\n<td width=\"91\"><\/td>\n<td width=\"113\">\n<h6 align=\"center\">Environ 1 a 2 semaines<\/h6>\n<\/td>\n<\/tr>\n<tr>\n<td width=\"97\">\n<h6><strong>Gobetis au ciment<\/strong><\/h6>\n<\/td>\n<td width=\"237\"><\/td>\n<td width=\"64\">\n<p align=\"center\">X<\/p>\n<\/td>\n<td width=\"91\">\n<p align=\"center\">X<\/p>\n<\/td>\n<td width=\"113\">\n<p align=\"center\">Environ 1 semaine<\/p>\n<\/td>\n<\/tr>\n<\/tbody>\n<\/table>\n<p align=\"left\"><strong><span style=\"color: #ff6600;\"><span style=\"font-family: Arial, Helvetica, sans-serif;\"><span style=\"font-size: small;\"><i><b>Pr\u00e9paration du m\u00e9lange<\/b><\/i><\/span><\/span><\/span><\/strong><\/p>\n<p align=\"left\"><span style=\"color: #000000;\"><span style=\"font-family: Arial, Helvetica, sans-serif;\"><span style=\"font-size: small;\">Malaxer manuellement a la\u00a0<\/span><\/span><\/span><strong><span style=\"color: #000000;\"><span style=\"font-family: Arial, Helvetica, sans-serif;\"><span style=\"font-size: small;\">truelle<\/span><\/span><\/span><\/strong><span style=\"color: #000000;\"><span style=\"font-family: Arial, Helvetica, sans-serif;\"><span style=\"font-size: small;\">\u00a0ou de pr\u00e9f\u00e9rence m\u00e9caniquement a l\u2019aide d\u2019un malaxeur, a la b\u00e9tonni\u00e8re ou en machine a projeter jusqu\u2019\u00e0 l\u2019obtention d\u2019une p\u00e2te homog\u00e8ne et sans grumeaux. Laisser reposer quelques minutes avant l\u2019application.<br \/>\nLe temps de vie en auge est de 8 a 24 heures. Pour une meilleure conservation, prot\u00e9ger l\u2019<\/span><\/span><\/span><strong><span style=\"color: #000000;\"><span style=\"font-family: Arial, Helvetica, sans-serif;\"><span style=\"font-size: small;\">enduit<\/span><\/span><\/span><\/strong><span style=\"color: #000000;\"><span style=\"font-family: Arial, Helvetica, sans-serif;\"><span style=\"font-size: small;\">\u00a0de l\u2019air gr\u00e2ce un filet d\u2019eau.<\/span><\/span><\/span><span style=\"color: #786e64;\"><span style=\"font-family: Arial, Helvetica, sans-serif;\"><span style=\"font-size: small;\"><br \/>\n<\/span><\/span><\/span><span style=\"color: #000000;\"><span style=\"font-family: Arial, Helvetica, sans-serif;\"><span style=\"font-size: small;\">Mise en teinte possible a l\u2019aide de\u00a0<\/span><\/span><\/span><strong><span style=\"color: #000000;\"><span style=\"font-family: Arial, Helvetica, sans-serif;\"><span style=\"font-size: small;\">pigments min\u00e9raux <\/span><\/span><\/span><\/strong><span style=\"color: #000000;\"><span style=\"font-family: Arial, Helvetica, sans-serif;\"><span style=\"font-size: small;\">compatibles.<\/span><\/span><\/span><\/p>\n<p>Tableau de dosages approximatifs selon les pr\u00e9conisations du tableau \u00ab\u00a0Application\u00a0\u00bb du chapitre suivant (ces dosages sont donnes a titre indicatif et peuvent faire l\u2019objet d\u2019ajustement sur le chantier selon notamment la contenance en poudre fine du sable).<\/p>\n<table width=\"643\" cellspacing=\"3\" cellpadding=\"2\">\n<colgroup>\n<col width=\"121\" \/>\n<col width=\"94\" \/>\n<col width=\"93\" \/>\n<col width=\"95\" \/>\n<col width=\"95\" \/>\n<col width=\"98\" \/> <\/colgroup>\n<tbody>\n<tr>\n<td rowspan=\"3\" width=\"121\"><\/td>\n<td colspan=\"2\" width=\"195\">\n<p align=\"center\"><strong>Mortier a la chaux<\/strong><\/p>\n<\/td>\n<td colspan=\"3\" width=\"301\">\n<p align=\"center\"><strong>Mortier batard<\/strong><\/p>\n<\/td>\n<\/tr>\n<tr>\n<td rowspan=\"2\" width=\"94\">\n<p align=\"center\"><strong>Gobetis<\/strong><br \/>\nPour environ 20m\u00b2<\/p>\n<\/td>\n<td rowspan=\"2\" width=\"93\">\n<p align=\"center\"><strong>Corps d\u2019enduit<\/strong><br \/>\nPour environ 5 m\u00b2<\/p>\n<\/td>\n<td colspan=\"2\" width=\"196\">\n<p align=\"center\"><strong>Gobetis<\/strong><\/p>\n<\/td>\n<td rowspan=\"2\" width=\"98\">\n<p align=\"center\"><strong>Corps d\u2019enduit<\/strong><br \/>\nPour environ 10 m\u00b2<\/p>\n<\/td>\n<\/tr>\n<tr>\n<td width=\"95\">\n<p align=\"center\">Ciment<br \/>\nPour environ 40 m\u00b2<\/p>\n<\/td>\n<td width=\"95\">\n<p align=\"center\">B\u00e2tard<br \/>\nPour environ 40 m\u00b2<\/p>\n<\/td>\n<\/tr>\n<tr>\n<td width=\"121\"><strong>Sable*<\/strong><\/td>\n<td width=\"94\">\n<p align=\"center\">40 Kg<\/p>\n<p align=\"center\">(3 S)<\/p>\n<\/td>\n<td width=\"93\">\n<p align=\"center\">60 Kg<\/p>\n<p align=\"center\">(5 S)<\/p>\n<\/td>\n<td width=\"95\">\n<p align=\"center\">90 Kg<\/p>\n<p align=\"center\">(7 S)<\/p>\n<\/td>\n<td width=\"95\">\n<p align=\"center\">85 Kg<\/p>\n<p align=\"center\">(6 S)<\/p>\n<\/td>\n<td width=\"98\">\n<p align=\"center\">85 Kg<\/p>\n<p align=\"center\">(6 S)<\/p>\n<\/td>\n<\/tr>\n<tr>\n<td width=\"121\"><strong>CHAUX GRASSE<\/strong><\/td>\n<td width=\"94\">\n<p align=\"center\">25 Kg<\/p>\n<p align=\"center\">(2 S)<\/p>\n<\/td>\n<td width=\"93\">\n<p align=\"center\">25 Kg (2 S)<\/p>\n<\/td>\n<td width=\"95\">\n<p align=\"center\">&#8211;<\/p>\n<\/td>\n<td width=\"95\">\n<p align=\"center\">25 Kg (2 S)<\/p>\n<\/td>\n<td width=\"98\">\n<p align=\"center\">25 Kg (2 S)<\/p>\n<\/td>\n<\/tr>\n<tr>\n<td width=\"121\"><strong>Ciment Portland R32.5<\/strong><\/td>\n<td width=\"94\">\n<p align=\"center\">&#8211;<\/p>\n<\/td>\n<td width=\"93\">\n<p align=\"center\">&#8211;<\/p>\n<\/td>\n<td width=\"95\">\n<p align=\"center\">35 Kg (3,5 S)<\/p>\n<\/td>\n<td width=\"95\">\n<p align=\"center\">15 Kg (1,5 S)<\/p>\n<\/td>\n<td width=\"98\">\n<p align=\"center\">10 Kg (1 S)<\/p>\n<\/td>\n<\/tr>\n<tr>\n<td width=\"121\"><strong>Eau<\/strong><\/td>\n<td width=\"94\">\n<p align=\"center\">20 litres (2 S)<\/p>\n<\/td>\n<td width=\"93\">\n<p align=\"center\">20 litres (2 S)<\/p>\n<\/td>\n<td width=\"95\">\n<p align=\"center\">40 litres (4 S)<\/p>\n<\/td>\n<td width=\"95\">\n<p align=\"center\">40 litres (4 S)<\/p>\n<\/td>\n<td width=\"98\">\n<p align=\"center\">30 litres (3 S)<\/p>\n<\/td>\n<\/tr>\n<\/tbody>\n<\/table>\n<p align=\"left\"><span style=\"color: #000000;\"><span style=\"font-family: Arial, Helvetica, sans-serif;\"><span style=\"font-size: small;\">S : Seau de ma\u00e7on : environ 10 litres.<br \/>\n*La qualit\u00e9 du\u00a0<\/span><\/span><\/span><strong><span style=\"color: #000000;\"><span style=\"font-family: Arial, Helvetica, sans-serif;\"><span style=\"font-size: small;\">sable<\/span><\/span><\/span><\/strong><span style=\"color: #000000;\"><span style=\"font-family: Arial, Helvetica, sans-serif;\"><span style=\"font-size: small;\">\u00a0a une tr\u00e8s grande importance. Utiliser de pr\u00e9f\u00e9rence des\u00a0<\/span><\/span><\/span><strong><span style=\"color: #000000;\"><span style=\"font-family: Arial, Helvetica, sans-serif;\"><span style=\"font-size: small;\">sables de rivi\u00e8re <\/span><\/span><\/span><\/strong><span style=\"color: #000000;\"><span style=\"font-family: Arial, Helvetica, sans-serif;\"><span style=\"font-size: small;\">si possible siliceux. En g\u00e9n\u00e9ral, la granulom\u00e9trie id\u00e9ale est de 0-2 mm voire un peu plus importante pour le <\/span><\/span><\/span><strong><span style=\"color: #000000;\"><span style=\"font-family: Arial, Helvetica, sans-serif;\"><span style=\"font-size: small;\">gobetis<\/span><\/span><\/span><\/strong><span style=\"color: #000000;\"><span style=\"font-family: Arial, Helvetica, sans-serif;\"><span style=\"font-size: small;\">.<\/span><\/span><\/span><\/p>\n<p><strong><span style=\"color: #ff6600;\"><span style=\"font-family: Arial, Helvetica, sans-serif;\"><span style=\"font-size: small;\"><i><b>Application (manuelle ou <\/b><\/i><\/span><\/span><\/span><\/strong><strong><span style=\"color: #ff6600;\"><span style=\"font-family: Arial, Helvetica, sans-serif;\"><span style=\"font-size: small;\"><i><b>projet\u00e9e<\/b><\/i><\/span><\/span><\/span><\/strong><strong><span style=\"color: #ff6600;\"><span style=\"font-family: Arial, Helvetica, sans-serif;\"><span style=\"font-size: small;\"><i><b>)<\/b><\/i><\/span><\/span><\/span><\/strong><\/p>\n<p align=\"left\"><span style=\"color: #786e64;\"><span style=\"font-family: Arial, Helvetica, sans-serif;\"><span style=\"font-size: small;\"><br \/>\n<\/span><\/span><\/span><span style=\"color: #000000;\"><span style=\"font-family: Arial, Helvetica, sans-serif;\"><span style=\"font-size: small;\">Cet <\/span><\/span><\/span><strong><span style=\"color: #000000;\"><span style=\"font-family: Arial, Helvetica, sans-serif;\"><span style=\"font-size: small;\">enduit mural traditionnel<\/span><\/span><\/span><\/strong><span style=\"color: #000000;\"><span style=\"font-family: Arial, Helvetica, sans-serif;\"><span style=\"font-size: small;\">\u00a0se r\u00e9alise en 3 couches m\u00eame s\u2019il est de plus en plus fr\u00e9quent qu\u2019il soit r\u00e9alise en 2 couches, exemple <\/span><\/span><\/span><span style=\"color: #786e64;\"><span style=\"font-family: Arial, Helvetica, sans-serif;\"><span style=\"font-size: small;\">:<\/span><\/span><\/span><\/p>\n<table style=\"height: 656px;\" width=\"904\" cellspacing=\"3\" cellpadding=\"2\">\n<colgroup>\n<col width=\"9\" \/>\n<col width=\"79\" \/>\n<col width=\"70\" \/>\n<col width=\"78\" \/>\n<col width=\"106\" \/>\n<col width=\"120\" \/>\n<col width=\"126\" \/> <\/colgroup>\n<tbody>\n<tr>\n<td colspan=\"2\" width=\"95\">\n<p align=\"center\"><strong>Couches d\u2019enduits<\/strong><\/p>\n<\/td>\n<td width=\"70\">\n<p align=\"center\"><strong>\u00c9paisseur<\/strong><\/p>\n<\/td>\n<td width=\"78\">\n<p align=\"center\"><strong>Aspect<\/strong><\/p>\n<\/td>\n<td width=\"106\">\n<p align=\"center\"><strong>Outils<\/strong><\/p>\n<\/td>\n<td width=\"120\">\n<p align=\"center\"><strong>S\u00e9chage<\/strong><\/p>\n<\/td>\n<td width=\"126\">\n<p align=\"center\"><strong>Consommation<\/strong><\/p>\n<\/td>\n<\/tr>\n<tr>\n<td width=\"9\"><strong>1<\/strong><\/td>\n<td width=\"79\"><strong>Gobetis<\/strong><\/td>\n<td width=\"70\">\n<p align=\"center\">3 a 5 mm<\/p>\n<\/td>\n<td width=\"78\">\n<p align=\"center\">Rugueux<\/p>\n<\/td>\n<td width=\"106\">\n<p align=\"center\"><strong>Truelle <\/strong>ou projet\u00e9<\/p>\n<\/td>\n<td width=\"120\">\n<p align=\"center\">Cf tableau pr\u00e9paration des supports ci-dessus<\/p>\n<\/td>\n<td width=\"126\">\n<p align=\"center\">3 a 5 Kg \/ m\u00b2<\/p>\n<\/td>\n<\/tr>\n<tr>\n<td width=\"9\"><strong>2<\/strong><\/td>\n<td width=\"79\"><strong>Corps d\u2019enduit<br \/>\n(1 ou 2 couches)<\/strong><\/td>\n<td width=\"70\">\n<p align=\"center\">15 a 20 mm<\/p>\n<\/td>\n<td width=\"78\">\n<p align=\"center\">Rugueux<\/p>\n<\/td>\n<td width=\"106\">\n<p align=\"center\"><strong>Truelle <\/strong>ou projet\u00e9<\/p>\n<\/td>\n<td width=\"120\">\n<p align=\"center\">4 a 8 jours<\/p>\n<\/td>\n<td width=\"126\">\n<p align=\"center\">15 a 20 Kg \/ m\u00b2<\/p>\n<\/td>\n<\/tr>\n<tr>\n<td rowspan=\"4\" width=\"9\"><strong>3<\/strong><\/td>\n<td width=\"79\"><strong>Finition :<\/strong><\/td>\n<td width=\"70\"><\/td>\n<td width=\"78\"><\/td>\n<td width=\"106\"><\/td>\n<td width=\"120\"><\/td>\n<td width=\"126\"><\/td>\n<\/tr>\n<tr>\n<td width=\"79\"><strong>Enduit a la chaux<\/strong><\/td>\n<td width=\"70\">\n<p align=\"center\">2 a 3 mm<\/p>\n<\/td>\n<td width=\"78\">\n<p align=\"center\">Taloche, \u00e9crase ou lisse<\/p>\n<\/td>\n<td width=\"106\">\n<p align=\"center\"><strong>Platoir <\/strong>ou projet\u00e9 et <strong>taloche <\/strong><strong>\u00e9ponge<\/strong><\/p>\n<\/td>\n<td width=\"120\">\n<p align=\"center\">2 a 3 jours<\/p>\n<\/td>\n<td width=\"126\">\n<p align=\"center\">2 a 3 Kg \/ m\u00b2<\/p>\n<\/td>\n<\/tr>\n<tr>\n<td width=\"79\"><strong>Ou<\/strong><\/td>\n<td width=\"70\"><\/td>\n<td width=\"78\"><\/td>\n<td width=\"106\"><\/td>\n<td width=\"120\"><\/td>\n<td width=\"126\"><\/td>\n<\/tr>\n<tr>\n<td width=\"79\"><strong>Badigeon de chaux<\/strong><\/td>\n<td width=\"70\">\n<p align=\"center\">300 a 500\u00b5<\/p>\n<\/td>\n<td width=\"78\">\n<p align=\"center\">Brosse<\/p>\n<\/td>\n<td width=\"106\">\n<p align=\"center\"><strong>Brosse<\/strong><\/p>\n<\/td>\n<td width=\"120\">\n<p align=\"center\">1 a 2 jours<\/p>\n<\/td>\n<td width=\"126\">\n<p align=\"center\">200 a 300 g \/ m\u00b2 pour 2 couches<\/p>\n<\/td>\n<\/tr>\n<\/tbody>\n<\/table>\n<p align=\"left\"><span style=\"color: #000000;\"><span style=\"font-family: Arial, Helvetica, sans-serif;\"><span style=\"font-size: small;\">Humidification entre les couches 1 et 2, possible mais pas obligatoire entre les couches 2 et 3.<br \/>\n<\/span><\/span><\/span><span style=\"color: #786e64;\"><span style=\"font-family: Arial, Helvetica, sans-serif;\"><span style=\"font-size: small;\"><br \/>\n<\/span><\/span><\/span><\/p>\n<p align=\"left\"><strong><span style=\"color: #ff6600;\"><span style=\"font-family: Arial, Helvetica, sans-serif;\"><span style=\"font-size: small;\">Conseils pratiques<\/span><\/span><\/span><\/strong><span style=\"color: #786e64;\"><span style=\"font-family: Arial, Helvetica, sans-serif;\"><span style=\"font-size: small;\"><br \/>\n<\/span><\/span><\/span><span style=\"color: #000000;\"><span style=\"font-family: Arial, Helvetica, sans-serif;\"><span style=\"font-size: small;\">Nettoyage de l\u2019<\/span><\/span><\/span><strong><span style=\"color: #000000;\"><span style=\"font-family: Arial, Helvetica, sans-serif;\"><span style=\"font-size: small;\">outillage<\/span><\/span><\/span><\/strong><span style=\"color: #000000;\"><span style=\"font-family: Arial, Helvetica, sans-serif;\"><span style=\"font-size: small;\">\u00a0a l\u2019eau tout de suite apr\u00e8s utilisation.<br \/>\nTemp\u00e9rature de mise en \u0153uvre : de + 5\u00b0C a + 30\u00b0C.<br \/>\nNe pas utiliser en cas de gel, de pluie ou sur des supports exposes au soleil ou au vent.<br \/>\nChaque pan de fa\u00e7ade doit \u00eatre termine dans la journ\u00e9e. Les reprises doivent se situer aux arr\u00eats naturels (angles, portes, etc.).<\/span><\/span><\/span><\/p>\n<p><em><span style=\"color: #000000;\"><span style=\"font-family: Arial, Helvetica, sans-serif;\"><span style=\"font-size: small;\">Les informations contenues dans cette fiche sont l&rsquo;expression de nos connaissances et de r\u00e9sultats d&rsquo;essais, elles ne peuvent en aucun cas \u00eatre consid\u00e9r\u00e9es ni comme apportant une garantie, ni comme engageant notre responsabilit\u00e9 en cas d&rsquo;application d\u00e9fectueuse<\/span><\/span><\/span><\/em><\/p>\n","protected":false},"excerpt":{"rendered":"<p>MORTIER TRADITIONNEL POUR INT\u00c9RIEUR ET EXT\u00c9RIEUR A BASE DE CHAUX GRASSE EN P\u00c2TE Le mortier traditionnel a la chaux utilise depuis l\u2019antiquit\u00e9 par les romains et le mortier traditionnel b\u00e2tard r\u00e9alise depuis l\u2019arriv\u00e9e du ciment Portland sur le marche dans les ann\u00e9es 1830 &#8211; 1840 ont fait leurs preuves jusqu\u2019en dans les ann\u00e9es 1960 &#8211; [&hellip;]<\/p>\n","protected":false},"author":1,"featured_media":0,"parent":192,"menu_order":0,"comment_status":"closed","ping_status":"closed","template":"","meta":{"footnotes":""},"_links":{"self":[{"href":"http:\/\/naturebrique.com\/index.php?rest_route=\/wp\/v2\/pages\/213"}],"collection":[{"href":"http:\/\/naturebrique.com\/index.php?rest_route=\/wp\/v2\/pages"}],"about":[{"href":"http:\/\/naturebrique.com\/index.php?rest_route=\/wp\/v2\/types\/page"}],"author":[{"embeddable":true,"href":"http:\/\/naturebrique.com\/index.php?rest_route=\/wp\/v2\/users\/1"}],"replies":[{"embeddable":true,"href":"http:\/\/naturebrique.com\/index.php?rest_route=%2Fwp%2Fv2%2Fcomments&post=213"}],"version-history":[{"count":6,"href":"http:\/\/naturebrique.com\/index.php?rest_route=\/wp\/v2\/pages\/213\/revisions"}],"predecessor-version":[{"id":283,"href":"http:\/\/naturebrique.com\/index.php?rest_route=\/wp\/v2\/pages\/213\/revisions\/283"}],"up":[{"embeddable":true,"href":"http:\/\/naturebrique.com\/index.php?rest_route=\/wp\/v2\/pages\/192"}],"wp:attachment":[{"href":"http:\/\/naturebrique.com\/index.php?rest_route=%2Fwp%2Fv2%2Fmedia&parent=213"}],"curies":[{"name":"wp","href":"https:\/\/api.w.org\/{rel}","templated":true}]}}