{"id":109,"date":"2018-05-29T16:16:27","date_gmt":"2018-05-29T14:16:27","guid":{"rendered":"http:\/\/naturebrique.com\/?page_id=109"},"modified":"2020-09-15T15:44:34","modified_gmt":"2020-09-15T13:44:34","slug":"produits","status":"publish","type":"page","link":"https:\/\/naturebrique.com\/?page_id=109","title":{"rendered":"Produits"},"content":{"rendered":"<p><strong><u>\u00a0CARACTERISTIQUES &amp; AVANTAGES<\/u><\/strong><\/p>\n<p>La brique en terre cuite pr\u00e9sente les caract\u00e9ristiques suivantes<\/p>\n<ul>\n<li>Une bonne isolation thermique\u00a0: Il ne fait pas trop chaud en p\u00e9riode de chaleur et il ne fait pas trop froid en p\u00e9riode de fra\u00eecheur.<\/li>\n<li>une bonne isolation acoustique\u00a0: Elle isole le bruit provenant de l\u2019ext\u00e9rieur<\/li>\n<li>une \u00e9conomie d\u2019\u00e9nergie\u00a0: C\u2019est le corollaire de l\u2019isolation thermique. Plus besoin de r\u00e9chauffer ni de refroidir (selon la p\u00e9riode) l\u2019int\u00e9rieur de l\u2019habitation.<\/li>\n<li>une bonne r\u00e9sistance au feu\u00a0: Le feu mettra quatre heures de temps pour traverser la brique en terre cuite de 15 cm d\u2019\u00e9paisseur plus enduit.<\/li>\n<li>Une bonne r\u00e9sistance \u00e0 la compression<\/li>\n<li>Une perm\u00e9abilit\u00e9 \u00e0 l\u2019eau<\/li>\n<li>Une facilit\u00e9 d\u2019entretien<\/li>\n<li>Une longue dur\u00e9e de vie<\/li>\n<li>Une bonne stabilit\u00e9 de forme\u00a0dans le temps<\/li>\n<\/ul>\n<p>Le poids l\u00e9ger de la brique et son aspect rose \u2013 saumon sont des atouts gigantesques dans la construction.<\/p>\n<p>\u00a0<\/p>\n<p>\u00a0<\/p>\n\n\n<figure class=\"wp-block-table\"><table><tbody><tr><td>Produits<\/td><td>Dimensions MM<\/td><td>Nbr\/m\u00b2<\/td><td>Poids KG<\/td><\/tr><tr><td>BRIQUES DE PAREMENT<br>CREUSES ET PLEINES<\/td><td>220 X 110 X 60<\/td><td>59<\/td><td>2<\/td><\/tr><tr><td>BRIQUES DE 10<\/td><td>320 X 100 X 200<\/td><td>15<\/td><td>4<\/td><\/tr><tr><td>BRIQUES DE 15<\/td><td>320 X 150 X 200<\/td><td>15<\/td><td>6<\/td><\/tr><tr><td>BRIQUES DE 20<\/td><td>320 X 200 X 200<\/td><td>15<\/td><td>10<\/td><\/tr><tr><td>BRIQUES DE 30<\/td><td>320 X 300 X 200<\/td><td>15<\/td><td>17<\/td><\/tr><tr><td>HOURDIS DE 15<\/td><td>320 X 360 X 150<\/td><td>7.3<\/td><td>10<\/td><\/tr><tr><td>HOURDIS DE20<\/td><td>320 X 360 X 200<\/td><td>9<\/td><td>10<\/td><\/tr><tr><td>LINTEAUX DE 15<\/td><td>320 X 150 X 200<\/td><td>3 Lin\u00e9aire<\/td><td>5<\/td><\/tr><tr><td>LINTEAUX DE 20<\/td><td>320 X 200 X 200<\/td><td>3 Lin\u00e9aire<\/td><td>8.5<\/td><\/tr><tr><td>LINTEAUX DE 30<\/td><td>320 X 300 X 200<\/td><td>3 Lin\u00e9aire<\/td><td>15.5<\/td><\/tr><tr><td>CLAUSTRA<\/td><td>150 X 150 X 150<\/td><td>40<\/td><td>2<\/td><\/tr><tr><td>DALLES DE SOL<\/td><td>225 X 225 X50<\/td><td>20<\/td><td>4<\/td><\/tr><tr><td>NERVURES<\/td><td>320 X 140 X 50<\/td><td>9 Lin\u00e9aire<\/td><td>2<\/td><\/tr><\/tbody><\/table><\/figure>\n\n\n","protected":false},"excerpt":{"rendered":"<p>\u00a0CARACTERISTIQUES &amp; AVANTAGES La brique en terre cuite pr\u00e9sente les caract\u00e9ristiques suivantes Une bonne isolation thermique\u00a0: Il ne fait pas trop chaud en p\u00e9riode de chaleur et il ne fait pas trop froid en p\u00e9riode de fra\u00eecheur. une bonne isolation acoustique\u00a0: Elle isole le bruit provenant de l\u2019ext\u00e9rieur une \u00e9conomie d\u2019\u00e9nergie\u00a0: C\u2019est le corollaire de [&hellip;]<\/p>\n","protected":false},"author":1,"featured_media":80,"parent":0,"menu_order":0,"comment_status":"closed","ping_status":"closed","template":"","meta":{"footnotes":""},"_links":{"self":[{"href":"https:\/\/naturebrique.com\/index.php?rest_route=\/wp\/v2\/pages\/109"}],"collection":[{"href":"https:\/\/naturebrique.com\/index.php?rest_route=\/wp\/v2\/pages"}],"about":[{"href":"https:\/\/naturebrique.com\/index.php?rest_route=\/wp\/v2\/types\/page"}],"author":[{"embeddable":true,"href":"https:\/\/naturebrique.com\/index.php?rest_route=\/wp\/v2\/users\/1"}],"replies":[{"embeddable":true,"href":"https:\/\/naturebrique.com\/index.php?rest_route=%2Fwp%2Fv2%2Fcomments&post=109"}],"version-history":[{"count":11,"href":"https:\/\/naturebrique.com\/index.php?rest_route=\/wp\/v2\/pages\/109\/revisions"}],"predecessor-version":[{"id":300,"href":"https:\/\/naturebrique.com\/index.php?rest_route=\/wp\/v2\/pages\/109\/revisions\/300"}],"wp:featuredmedia":[{"embeddable":true,"href":"https:\/\/naturebrique.com\/index.php?rest_route=\/wp\/v2\/media\/80"}],"wp:attachment":[{"href":"https:\/\/naturebrique.com\/index.php?rest_route=%2Fwp%2Fv2%2Fmedia&parent=109"}],"curies":[{"name":"wp","href":"https:\/\/api.w.org\/{rel}","templated":true}]}}