{"id":2,"date":"2018-04-30T18:45:26","date_gmt":"2018-04-30T16:45:26","guid":{"rendered":"http:\/\/naturebrique.com\/?page_id=2"},"modified":"2018-09-28T10:53:40","modified_gmt":"2018-09-28T08:53:40","slug":"page-d-exemple","status":"publish","type":"page","link":"https:\/\/naturebrique.com\/?page_id=2","title":{"rendered":"Documentation"},"content":{"rendered":"<p><strong>1-Briques de pavage<\/strong><\/p>\n<p><a href=\"http:\/\/naturebrique.com\/?page_id=185\"><strong>2-Peindre les ma\u00e7onneries<\/strong><\/a><\/p>\n<p><a href=\"http:\/\/naturebrique.com\/?page_id=182\"><strong>3-Acoustique<\/strong><\/a><\/p>\n<h1 class=\"page-title\">Rubriques<\/h1>\n<p><em><strong>1-Briques de pavage<\/strong><\/em><\/p>\n<p><img loading=\"lazy\" decoding=\"async\" class=\"aligncenter size-medium wp-image-174\" src=\"http:\/\/naturebrique.com\/wp-content\/uploads\/2018\/09\/straatstenen5-450x300-300x200.jpg\" alt=\"\" width=\"300\" height=\"200\" srcset=\"https:\/\/naturebrique.com\/wp-content\/uploads\/2018\/09\/straatstenen5-450x300-300x200.jpg 300w, https:\/\/naturebrique.com\/wp-content\/uploads\/2018\/09\/straatstenen5-450x300.jpg 450w\" sizes=\"(max-width: 300px) 100vw, 300px\" \/><\/p>\n<div class=\"two-third last\">\n<p><span style=\"color: #000000;\">Bien qu\u2019il s\u2019agisse \u00e9galement de briques, des exigences particuli\u00e8res sont impos\u00e9es aux briques de pavage en terre cuite. En effet, vu l\u2019application qui en est faite, ces briques sont soumises \u00e0 des contraintes plus importantes que les briques pour murs en ma\u00e7onnerie. Ainsi, elles peuvent \u00eatre couvertes d\u2019eau durant de longues p\u00e9riodes et doivent pouvoir supporter les charges dues \u00e0 un trafic dense.<\/span><\/p>\n<p><span style=\"color: #000000;\">L\u2019am\u00e9nagement des all\u00e9es, terrasses, jardins et entr\u00e9es des habitations vient bien souvent apporter la touche finale \u00e0 la construction de l\u2019habitation tant r\u00eav\u00e9e. C\u2019est souvent suite \u00e0 un coup de c\u0153ur que les particuliers choisissent la brique de pavage en terre cuite car ils appr\u00e9cient particuli\u00e8rement le cachet qu\u2019elle ajoute \u00e0 leur habitation.<\/span><\/p>\n<p><img loading=\"lazy\" decoding=\"async\" class=\"aligncenter size-medium wp-image-175\" src=\"http:\/\/naturebrique.com\/wp-content\/uploads\/2018\/09\/straatstenen3-450x300-300x200.jpg\" alt=\"\" width=\"300\" height=\"200\" srcset=\"https:\/\/naturebrique.com\/wp-content\/uploads\/2018\/09\/straatstenen3-450x300-300x200.jpg 300w, https:\/\/naturebrique.com\/wp-content\/uploads\/2018\/09\/straatstenen3-450x300.jpg 450w\" sizes=\"(max-width: 300px) 100vw, 300px\" \/><\/p>\n<p><span style=\"color: #000000;\">Certains choisissent de la d\u00e9cliner dans les m\u00eames teintes que les briques de parement ; d\u2019autres optent pour des coloris autres qui tranchent avec l\u2019habitation.\u00a0<\/span><\/p>\n<p><span style=\"color: #000000;\">Quelle que soit l\u2019option retenue, ce coup de c\u0153ur pour la brique de pavage ne se regrette jamais !<\/span><\/p>\n<p><span style=\"color: #000000;\">Au-del\u00e0 de son utilisation pour des am\u00e9nagements ext\u00e9rieurs d\u2019habitations, la brique de pavage se rencontre de plus en plus dans des am\u00e9nagements de projets publics et priv\u00e9s de plus grande envergure. Les auteurs de projets qui placent la notion d\u2019am\u00e9nagement durable au c\u0153ur de leur r\u00e9flexion expliquent leur choix pour la brique de pavage par ses qualit\u00e9s techniques et esth\u00e9tiques.<\/span><\/p>\n<p><img loading=\"lazy\" decoding=\"async\" class=\"aligncenter size-medium wp-image-173\" src=\"http:\/\/naturebrique.com\/wp-content\/uploads\/2018\/09\/straatstenen-5-450x300-300x200.jpg\" alt=\"\" width=\"300\" height=\"200\" srcset=\"https:\/\/naturebrique.com\/wp-content\/uploads\/2018\/09\/straatstenen-5-450x300-300x200.jpg 300w, https:\/\/naturebrique.com\/wp-content\/uploads\/2018\/09\/straatstenen-5-450x300.jpg 450w\" sizes=\"(max-width: 300px) 100vw, 300px\" \/><\/p>\n<p><span style=\"color: #000000;\">Sa durabilit\u00e9, l\u2019inalt\u00e9rabilit\u00e9 de ses couleurs gr\u00e2ce \u00e0 une coloration dans la masse, son ad\u00e9quation au trafic routier (stabilit\u00e9, r\u00e9sistance \u00e0 l\u2019usure, bruit de roulage attenu\u00e9), \u2026 sont autant d\u2019atouts auxquels ils sont sensibles.<\/span><\/p>\n<p><span style=\"color: #000000;\">Les briques de pavage permettent aussi de jouer sur l\u2019expressivit\u00e9 des lieux. Ce mat\u00e9riau traditionnel s\u2019adapte tant \u00e0 un style classique que contemporain et offre une grande libert\u00e9 de cr\u00e9ativit\u00e9 aux auteurs de projets.<\/span><\/p>\n<p><span style=\"color: #000000;\">Le petit format des briques de pavage permet la r\u00e9alisation d\u2019appareillages et de motifs d\u00e9coratifs originaux. De m\u00eame, des compositions int\u00e9ressantes de mat\u00e9riaux et de couleurs cr\u00e9ent des espaces riches en perceptions. Ainsi se marque un caract\u00e8re tant\u00f4t sobre tant\u00f4t audacieux \u2026<\/span><\/p>\n<p><span style=\"color: #000000;\">Classiques ou contemporaines, il \u00e9mane des r\u00e9alisations en briques de pavage une ambiance agr\u00e9able et chaleureuse, des perceptions douces et naturelles.<\/span><\/p>\n<\/div>\n<p>&nbsp;<\/p>\n<p>&nbsp;<\/p>\n","protected":false},"excerpt":{"rendered":"<p>1-Briques de pavage 2-Peindre les ma\u00e7onneries 3-Acoustique Rubriques 1-Briques de pavage Bien qu\u2019il s\u2019agisse \u00e9galement de briques, des exigences particuli\u00e8res sont impos\u00e9es aux briques de pavage en terre cuite. En effet, vu l\u2019application qui en est faite, ces briques sont soumises \u00e0 des contraintes plus importantes que les briques pour murs en ma\u00e7onnerie. Ainsi, elles [&hellip;]<\/p>\n","protected":false},"author":1,"featured_media":0,"parent":0,"menu_order":0,"comment_status":"closed","ping_status":"open","template":"","meta":{"footnotes":""},"_links":{"self":[{"href":"https:\/\/naturebrique.com\/index.php?rest_route=\/wp\/v2\/pages\/2"}],"collection":[{"href":"https:\/\/naturebrique.com\/index.php?rest_route=\/wp\/v2\/pages"}],"about":[{"href":"https:\/\/naturebrique.com\/index.php?rest_route=\/wp\/v2\/types\/page"}],"author":[{"embeddable":true,"href":"https:\/\/naturebrique.com\/index.php?rest_route=\/wp\/v2\/users\/1"}],"replies":[{"embeddable":true,"href":"https:\/\/naturebrique.com\/index.php?rest_route=%2Fwp%2Fv2%2Fcomments&post=2"}],"version-history":[{"count":6,"href":"https:\/\/naturebrique.com\/index.php?rest_route=\/wp\/v2\/pages\/2\/revisions"}],"predecessor-version":[{"id":188,"href":"https:\/\/naturebrique.com\/index.php?rest_route=\/wp\/v2\/pages\/2\/revisions\/188"}],"wp:attachment":[{"href":"https:\/\/naturebrique.com\/index.php?rest_route=%2Fwp%2Fv2%2Fmedia&parent=2"}],"curies":[{"name":"wp","href":"https:\/\/api.w.org\/{rel}","templated":true}]}}