{"id":249,"date":"2019-06-26T16:16:41","date_gmt":"2019-06-26T14:16:41","guid":{"rendered":"http:\/\/naturebrique.com\/?page_id=249"},"modified":"2022-04-20T16:34:27","modified_gmt":"2022-04-20T14:34:27","slug":"pole-de-construction","status":"publish","type":"page","link":"https:\/\/naturebrique.com\/?page_id=249","title":{"rendered":"Pole de construction"},"content":{"rendered":"\n<h2 class=\"wp-block-heading\">Nature Brique construit via son partenaire Eco build<\/h2>\n\n\n\n<p>Qui mieux que nous peut vous conseiller la technique de construction avec nos produits? Partant d&rsquo;un constat g\u00e9n\u00e9ral de la mani\u00e8re primitive dont les constructions sont ex\u00e9cut\u00e9es dans nos contr\u00e9es, et les modes de finitions sans cesse approximatifs , nous avons pour vous, nos potentiels clients recherch\u00e9 les meilleurs artisans, architectes et si n\u00e9cessaire des architectes d&rsquo;int\u00e9rieur. Le r\u00e9seau d&rsquo;ing\u00e9nieurs que nous utilisons sont aussi \u00e0 la pointe de la recherche.  <\/p>\n\n\n\n<p>L&rsquo;objectif affich\u00e9 de nature brique est de vous accompagner via son p\u00f4le de construction Eco-buld tout au long de votre d\u00e9sire de construire sans passer par des structures qui ne ma\u00eetrisent pas les produits de la terre cuite ,aussi pour vous assister \u00e0 trouver des produits de parach\u00e8vements de qualit\u00e9 \u00e0 prix abordables , \u00e9vitant ainsi beaucoup d&rsquo;interm\u00e9diaires bref nous sommes dans l&rsquo;optimisation.<\/p>\n\n\n\n<p>Nous privil\u00e9gions en particulier des produits de qualit\u00e9, aux normes CE que nous proposons \u00e0 nos clients .Ainsi une fois le gros oeuvre commenc\u00e9 avec Eco-build, nous \u00e9tablissons ensemble avec nos clients les besoins de parach\u00e8vement et les aidons \u00e0 les acqu\u00e9rir aupr\u00e8s notre r\u00e9seau de fournisseur de part le monde.<\/p>\n\n\n\n<figure class=\"wp-block-image size-large is-resized\"><img loading=\"lazy\" decoding=\"async\" src=\"http:\/\/naturebrique.com\/wp-content\/uploads\/2020\/09\/ecobuild.jpeg\" alt=\"\" class=\"wp-image-286\" width=\"458\" height=\"458\" srcset=\"https:\/\/naturebrique.com\/wp-content\/uploads\/2020\/09\/ecobuild.jpeg 620w, https:\/\/naturebrique.com\/wp-content\/uploads\/2020\/09\/ecobuild-300x300.jpeg 300w, https:\/\/naturebrique.com\/wp-content\/uploads\/2020\/09\/ecobuild-150x150.jpeg 150w\" sizes=\"(max-width: 458px) 100vw, 458px\" \/><\/figure>\n\n\n\n<figure class=\"wp-block-gallery has-nested-images columns-default is-cropped wp-block-gallery-1 is-layout-flex wp-block-gallery-is-layout-flex\">\n<figure class=\"wp-block-image size-large\"><img loading=\"lazy\" decoding=\"async\" width=\"2560\" height=\"1920\" data-id=\"315\" src=\"http:\/\/naturebrique.com\/wp-content\/uploads\/2022\/04\/20210430_150526-scaled.jpg\" alt=\"\" class=\"wp-image-315\" srcset=\"https:\/\/naturebrique.com\/wp-content\/uploads\/2022\/04\/20210430_150526-scaled.jpg 2560w, https:\/\/naturebrique.com\/wp-content\/uploads\/2022\/04\/20210430_150526-300x225.jpg 300w, https:\/\/naturebrique.com\/wp-content\/uploads\/2022\/04\/20210430_150526-1024x768.jpg 1024w, https:\/\/naturebrique.com\/wp-content\/uploads\/2022\/04\/20210430_150526-768x576.jpg 768w, https:\/\/naturebrique.com\/wp-content\/uploads\/2022\/04\/20210430_150526-1536x1152.jpg 1536w, https:\/\/naturebrique.com\/wp-content\/uploads\/2022\/04\/20210430_150526-2048x1536.jpg 2048w\" sizes=\"(max-width: 2560px) 100vw, 2560px\" \/><\/figure>\n\n\n\n<figure class=\"wp-block-image size-large\"><img loading=\"lazy\" decoding=\"async\" width=\"2560\" height=\"1920\" data-id=\"316\" src=\"http:\/\/naturebrique.com\/wp-content\/uploads\/2022\/04\/20210430_150530-scaled.jpg\" alt=\"\" class=\"wp-image-316\" srcset=\"https:\/\/naturebrique.com\/wp-content\/uploads\/2022\/04\/20210430_150530-scaled.jpg 2560w, https:\/\/naturebrique.com\/wp-content\/uploads\/2022\/04\/20210430_150530-300x225.jpg 300w, https:\/\/naturebrique.com\/wp-content\/uploads\/2022\/04\/20210430_150530-1024x768.jpg 1024w, https:\/\/naturebrique.com\/wp-content\/uploads\/2022\/04\/20210430_150530-768x576.jpg 768w, https:\/\/naturebrique.com\/wp-content\/uploads\/2022\/04\/20210430_150530-1536x1152.jpg 1536w, https:\/\/naturebrique.com\/wp-content\/uploads\/2022\/04\/20210430_150530-2048x1536.jpg 2048w\" sizes=\"(max-width: 2560px) 100vw, 2560px\" \/><\/figure>\n\n\n\n<figure class=\"wp-block-image size-large\"><img loading=\"lazy\" decoding=\"async\" width=\"2560\" height=\"1920\" data-id=\"317\" src=\"http:\/\/naturebrique.com\/wp-content\/uploads\/2022\/04\/20210430_150546-scaled.jpg\" alt=\"\" class=\"wp-image-317\" srcset=\"https:\/\/naturebrique.com\/wp-content\/uploads\/2022\/04\/20210430_150546-scaled.jpg 2560w, https:\/\/naturebrique.com\/wp-content\/uploads\/2022\/04\/20210430_150546-300x225.jpg 300w, https:\/\/naturebrique.com\/wp-content\/uploads\/2022\/04\/20210430_150546-1024x768.jpg 1024w, https:\/\/naturebrique.com\/wp-content\/uploads\/2022\/04\/20210430_150546-768x576.jpg 768w, https:\/\/naturebrique.com\/wp-content\/uploads\/2022\/04\/20210430_150546-1536x1152.jpg 1536w, https:\/\/naturebrique.com\/wp-content\/uploads\/2022\/04\/20210430_150546-2048x1536.jpg 2048w\" sizes=\"(max-width: 2560px) 100vw, 2560px\" \/><\/figure>\n\n\n\n<figure class=\"wp-block-image size-large\"><img loading=\"lazy\" decoding=\"async\" width=\"2560\" height=\"1920\" data-id=\"318\" src=\"http:\/\/naturebrique.com\/wp-content\/uploads\/2022\/04\/20210501_092227-scaled.jpg\" alt=\"\" class=\"wp-image-318\" srcset=\"https:\/\/naturebrique.com\/wp-content\/uploads\/2022\/04\/20210501_092227-scaled.jpg 2560w, https:\/\/naturebrique.com\/wp-content\/uploads\/2022\/04\/20210501_092227-300x225.jpg 300w, https:\/\/naturebrique.com\/wp-content\/uploads\/2022\/04\/20210501_092227-1024x768.jpg 1024w, https:\/\/naturebrique.com\/wp-content\/uploads\/2022\/04\/20210501_092227-768x576.jpg 768w, https:\/\/naturebrique.com\/wp-content\/uploads\/2022\/04\/20210501_092227-1536x1152.jpg 1536w, https:\/\/naturebrique.com\/wp-content\/uploads\/2022\/04\/20210501_092227-2048x1536.jpg 2048w\" sizes=\"(max-width: 2560px) 100vw, 2560px\" \/><\/figure>\n\n\n\n<figure class=\"wp-block-image size-large\"><img loading=\"lazy\" decoding=\"async\" width=\"2560\" height=\"1920\" data-id=\"319\" src=\"http:\/\/naturebrique.com\/wp-content\/uploads\/2022\/04\/20210508_072608-scaled.jpg\" alt=\"\" class=\"wp-image-319\" srcset=\"https:\/\/naturebrique.com\/wp-content\/uploads\/2022\/04\/20210508_072608-scaled.jpg 2560w, https:\/\/naturebrique.com\/wp-content\/uploads\/2022\/04\/20210508_072608-300x225.jpg 300w, https:\/\/naturebrique.com\/wp-content\/uploads\/2022\/04\/20210508_072608-1024x768.jpg 1024w, https:\/\/naturebrique.com\/wp-content\/uploads\/2022\/04\/20210508_072608-768x576.jpg 768w, https:\/\/naturebrique.com\/wp-content\/uploads\/2022\/04\/20210508_072608-1536x1152.jpg 1536w, https:\/\/naturebrique.com\/wp-content\/uploads\/2022\/04\/20210508_072608-2048x1536.jpg 2048w\" sizes=\"(max-width: 2560px) 100vw, 2560px\" \/><\/figure>\n\n\n\n<figure class=\"wp-block-image size-large\"><img loading=\"lazy\" decoding=\"async\" width=\"2560\" height=\"1920\" data-id=\"322\" src=\"http:\/\/naturebrique.com\/wp-content\/uploads\/2022\/04\/20210928_084025-scaled.jpg\" alt=\"\" class=\"wp-image-322\" srcset=\"https:\/\/naturebrique.com\/wp-content\/uploads\/2022\/04\/20210928_084025-scaled.jpg 2560w, https:\/\/naturebrique.com\/wp-content\/uploads\/2022\/04\/20210928_084025-300x225.jpg 300w, https:\/\/naturebrique.com\/wp-content\/uploads\/2022\/04\/20210928_084025-1024x768.jpg 1024w, https:\/\/naturebrique.com\/wp-content\/uploads\/2022\/04\/20210928_084025-768x576.jpg 768w, https:\/\/naturebrique.com\/wp-content\/uploads\/2022\/04\/20210928_084025-1536x1152.jpg 1536w, https:\/\/naturebrique.com\/wp-content\/uploads\/2022\/04\/20210928_084025-2048x1536.jpg 2048w\" sizes=\"(max-width: 2560px) 100vw, 2560px\" \/><\/figure>\n\n\n\n<figure class=\"wp-block-image size-large\"><img loading=\"lazy\" decoding=\"async\" width=\"1920\" height=\"2560\" data-id=\"323\" src=\"http:\/\/naturebrique.com\/wp-content\/uploads\/2022\/04\/20211005_154321-scaled.jpg\" alt=\"\" class=\"wp-image-323\" srcset=\"https:\/\/naturebrique.com\/wp-content\/uploads\/2022\/04\/20211005_154321-scaled.jpg 1920w, https:\/\/naturebrique.com\/wp-content\/uploads\/2022\/04\/20211005_154321-225x300.jpg 225w, https:\/\/naturebrique.com\/wp-content\/uploads\/2022\/04\/20211005_154321-768x1024.jpg 768w, https:\/\/naturebrique.com\/wp-content\/uploads\/2022\/04\/20211005_154321-1152x1536.jpg 1152w, https:\/\/naturebrique.com\/wp-content\/uploads\/2022\/04\/20211005_154321-1536x2048.jpg 1536w\" sizes=\"(max-width: 1920px) 100vw, 1920px\" \/><\/figure>\n\n\n\n<figure class=\"wp-block-image size-large\"><img loading=\"lazy\" decoding=\"async\" width=\"1920\" height=\"2560\" data-id=\"324\" src=\"http:\/\/naturebrique.com\/wp-content\/uploads\/2022\/04\/20211005_154337-scaled.jpg\" alt=\"\" class=\"wp-image-324\" srcset=\"https:\/\/naturebrique.com\/wp-content\/uploads\/2022\/04\/20211005_154337-scaled.jpg 1920w, https:\/\/naturebrique.com\/wp-content\/uploads\/2022\/04\/20211005_154337-225x300.jpg 225w, https:\/\/naturebrique.com\/wp-content\/uploads\/2022\/04\/20211005_154337-768x1024.jpg 768w, https:\/\/naturebrique.com\/wp-content\/uploads\/2022\/04\/20211005_154337-1152x1536.jpg 1152w, https:\/\/naturebrique.com\/wp-content\/uploads\/2022\/04\/20211005_154337-1536x2048.jpg 1536w\" sizes=\"(max-width: 1920px) 100vw, 1920px\" \/><\/figure>\n\n\n\n<figure class=\"wp-block-image size-large\"><img loading=\"lazy\" decoding=\"async\" width=\"1920\" height=\"2560\" data-id=\"325\" src=\"http:\/\/naturebrique.com\/wp-content\/uploads\/2022\/04\/20211005_154345-scaled.jpg\" alt=\"\" class=\"wp-image-325\" srcset=\"https:\/\/naturebrique.com\/wp-content\/uploads\/2022\/04\/20211005_154345-scaled.jpg 1920w, https:\/\/naturebrique.com\/wp-content\/uploads\/2022\/04\/20211005_154345-225x300.jpg 225w, https:\/\/naturebrique.com\/wp-content\/uploads\/2022\/04\/20211005_154345-768x1024.jpg 768w, https:\/\/naturebrique.com\/wp-content\/uploads\/2022\/04\/20211005_154345-1152x1536.jpg 1152w, https:\/\/naturebrique.com\/wp-content\/uploads\/2022\/04\/20211005_154345-1536x2048.jpg 1536w\" sizes=\"(max-width: 1920px) 100vw, 1920px\" \/><\/figure>\n\n\n\n<figure class=\"wp-block-image size-large\"><img loading=\"lazy\" decoding=\"async\" width=\"2560\" height=\"1920\" data-id=\"326\" src=\"http:\/\/naturebrique.com\/wp-content\/uploads\/2022\/04\/20211005_154356-scaled.jpg\" alt=\"\" class=\"wp-image-326\" srcset=\"https:\/\/naturebrique.com\/wp-content\/uploads\/2022\/04\/20211005_154356-scaled.jpg 2560w, https:\/\/naturebrique.com\/wp-content\/uploads\/2022\/04\/20211005_154356-300x225.jpg 300w, https:\/\/naturebrique.com\/wp-content\/uploads\/2022\/04\/20211005_154356-1024x768.jpg 1024w, https:\/\/naturebrique.com\/wp-content\/uploads\/2022\/04\/20211005_154356-768x576.jpg 768w, https:\/\/naturebrique.com\/wp-content\/uploads\/2022\/04\/20211005_154356-1536x1152.jpg 1536w, https:\/\/naturebrique.com\/wp-content\/uploads\/2022\/04\/20211005_154356-2048x1536.jpg 2048w\" sizes=\"(max-width: 2560px) 100vw, 2560px\" \/><\/figure>\n\n\n\n<figure class=\"wp-block-image size-large\"><img loading=\"lazy\" decoding=\"async\" width=\"2560\" height=\"1920\" data-id=\"327\" src=\"http:\/\/naturebrique.com\/wp-content\/uploads\/2022\/04\/20211005_154407-scaled.jpg\" alt=\"\" class=\"wp-image-327\" srcset=\"https:\/\/naturebrique.com\/wp-content\/uploads\/2022\/04\/20211005_154407-scaled.jpg 2560w, https:\/\/naturebrique.com\/wp-content\/uploads\/2022\/04\/20211005_154407-300x225.jpg 300w, https:\/\/naturebrique.com\/wp-content\/uploads\/2022\/04\/20211005_154407-1024x768.jpg 1024w, https:\/\/naturebrique.com\/wp-content\/uploads\/2022\/04\/20211005_154407-768x576.jpg 768w, https:\/\/naturebrique.com\/wp-content\/uploads\/2022\/04\/20211005_154407-1536x1152.jpg 1536w, https:\/\/naturebrique.com\/wp-content\/uploads\/2022\/04\/20211005_154407-2048x1536.jpg 2048w\" sizes=\"(max-width: 2560px) 100vw, 2560px\" \/><\/figure>\n\n\n\n<figure class=\"wp-block-image size-large\"><img loading=\"lazy\" decoding=\"async\" width=\"2560\" height=\"1920\" data-id=\"328\" src=\"http:\/\/naturebrique.com\/wp-content\/uploads\/2022\/04\/20211012_175705-scaled.jpg\" alt=\"\" class=\"wp-image-328\" srcset=\"https:\/\/naturebrique.com\/wp-content\/uploads\/2022\/04\/20211012_175705-scaled.jpg 2560w, https:\/\/naturebrique.com\/wp-content\/uploads\/2022\/04\/20211012_175705-300x225.jpg 300w, https:\/\/naturebrique.com\/wp-content\/uploads\/2022\/04\/20211012_175705-1024x768.jpg 1024w, https:\/\/naturebrique.com\/wp-content\/uploads\/2022\/04\/20211012_175705-768x576.jpg 768w, https:\/\/naturebrique.com\/wp-content\/uploads\/2022\/04\/20211012_175705-1536x1152.jpg 1536w, https:\/\/naturebrique.com\/wp-content\/uploads\/2022\/04\/20211012_175705-2048x1536.jpg 2048w\" sizes=\"(max-width: 2560px) 100vw, 2560px\" \/><\/figure>\n\n\n\n<figure class=\"wp-block-image size-large\"><img loading=\"lazy\" decoding=\"async\" width=\"2560\" height=\"1920\" data-id=\"329\" src=\"http:\/\/naturebrique.com\/wp-content\/uploads\/2022\/04\/20211013_181353-scaled.jpg\" alt=\"\" class=\"wp-image-329\" srcset=\"https:\/\/naturebrique.com\/wp-content\/uploads\/2022\/04\/20211013_181353-scaled.jpg 2560w, https:\/\/naturebrique.com\/wp-content\/uploads\/2022\/04\/20211013_181353-300x225.jpg 300w, https:\/\/naturebrique.com\/wp-content\/uploads\/2022\/04\/20211013_181353-1024x768.jpg 1024w, https:\/\/naturebrique.com\/wp-content\/uploads\/2022\/04\/20211013_181353-768x576.jpg 768w, https:\/\/naturebrique.com\/wp-content\/uploads\/2022\/04\/20211013_181353-1536x1152.jpg 1536w, https:\/\/naturebrique.com\/wp-content\/uploads\/2022\/04\/20211013_181353-2048x1536.jpg 2048w\" sizes=\"(max-width: 2560px) 100vw, 2560px\" \/><\/figure>\n\n\n\n<figure class=\"wp-block-image size-large\"><img loading=\"lazy\" decoding=\"async\" width=\"2560\" height=\"1920\" data-id=\"330\" src=\"http:\/\/naturebrique.com\/wp-content\/uploads\/2022\/04\/20211013_181419-scaled.jpg\" alt=\"\" class=\"wp-image-330\" srcset=\"https:\/\/naturebrique.com\/wp-content\/uploads\/2022\/04\/20211013_181419-scaled.jpg 2560w, https:\/\/naturebrique.com\/wp-content\/uploads\/2022\/04\/20211013_181419-300x225.jpg 300w, https:\/\/naturebrique.com\/wp-content\/uploads\/2022\/04\/20211013_181419-1024x768.jpg 1024w, https:\/\/naturebrique.com\/wp-content\/uploads\/2022\/04\/20211013_181419-768x576.jpg 768w, https:\/\/naturebrique.com\/wp-content\/uploads\/2022\/04\/20211013_181419-1536x1152.jpg 1536w, https:\/\/naturebrique.com\/wp-content\/uploads\/2022\/04\/20211013_181419-2048x1536.jpg 2048w\" sizes=\"(max-width: 2560px) 100vw, 2560px\" \/><\/figure>\n\n\n\n<figure class=\"wp-block-image size-large\"><img loading=\"lazy\" decoding=\"async\" width=\"2560\" height=\"1920\" data-id=\"331\" src=\"http:\/\/naturebrique.com\/wp-content\/uploads\/2022\/04\/20211016_182547-scaled.jpg\" alt=\"\" class=\"wp-image-331\" srcset=\"https:\/\/naturebrique.com\/wp-content\/uploads\/2022\/04\/20211016_182547-scaled.jpg 2560w, https:\/\/naturebrique.com\/wp-content\/uploads\/2022\/04\/20211016_182547-300x225.jpg 300w, https:\/\/naturebrique.com\/wp-content\/uploads\/2022\/04\/20211016_182547-1024x768.jpg 1024w, https:\/\/naturebrique.com\/wp-content\/uploads\/2022\/04\/20211016_182547-768x576.jpg 768w, https:\/\/naturebrique.com\/wp-content\/uploads\/2022\/04\/20211016_182547-1536x1152.jpg 1536w, https:\/\/naturebrique.com\/wp-content\/uploads\/2022\/04\/20211016_182547-2048x1536.jpg 2048w\" sizes=\"(max-width: 2560px) 100vw, 2560px\" \/><\/figure>\n\n\n\n<figure class=\"wp-block-image size-large\"><img loading=\"lazy\" decoding=\"async\" width=\"2560\" height=\"1920\" data-id=\"332\" src=\"http:\/\/naturebrique.com\/wp-content\/uploads\/2022\/04\/20211016_182557-scaled.jpg\" alt=\"\" class=\"wp-image-332\" srcset=\"https:\/\/naturebrique.com\/wp-content\/uploads\/2022\/04\/20211016_182557-scaled.jpg 2560w, https:\/\/naturebrique.com\/wp-content\/uploads\/2022\/04\/20211016_182557-300x225.jpg 300w, https:\/\/naturebrique.com\/wp-content\/uploads\/2022\/04\/20211016_182557-1024x768.jpg 1024w, https:\/\/naturebrique.com\/wp-content\/uploads\/2022\/04\/20211016_182557-768x576.jpg 768w, https:\/\/naturebrique.com\/wp-content\/uploads\/2022\/04\/20211016_182557-1536x1152.jpg 1536w, https:\/\/naturebrique.com\/wp-content\/uploads\/2022\/04\/20211016_182557-2048x1536.jpg 2048w\" sizes=\"(max-width: 2560px) 100vw, 2560px\" \/><\/figure>\n\n\n\n<figure class=\"wp-block-image size-large\"><img loading=\"lazy\" decoding=\"async\" width=\"2560\" height=\"1920\" data-id=\"333\" src=\"http:\/\/naturebrique.com\/wp-content\/uploads\/2022\/04\/20211016_182631-scaled.jpg\" alt=\"\" class=\"wp-image-333\" srcset=\"https:\/\/naturebrique.com\/wp-content\/uploads\/2022\/04\/20211016_182631-scaled.jpg 2560w, https:\/\/naturebrique.com\/wp-content\/uploads\/2022\/04\/20211016_182631-300x225.jpg 300w, https:\/\/naturebrique.com\/wp-content\/uploads\/2022\/04\/20211016_182631-1024x768.jpg 1024w, https:\/\/naturebrique.com\/wp-content\/uploads\/2022\/04\/20211016_182631-768x576.jpg 768w, https:\/\/naturebrique.com\/wp-content\/uploads\/2022\/04\/20211016_182631-1536x1152.jpg 1536w, https:\/\/naturebrique.com\/wp-content\/uploads\/2022\/04\/20211016_182631-2048x1536.jpg 2048w\" sizes=\"(max-width: 2560px) 100vw, 2560px\" \/><\/figure>\n<\/figure>\n","protected":false},"excerpt":{"rendered":"<p>Nature Brique construit via son partenaire Eco build Qui mieux que nous peut vous conseiller la technique de construction avec nos produits? Partant d&rsquo;un constat g\u00e9n\u00e9ral de la mani\u00e8re primitive dont les constructions sont ex\u00e9cut\u00e9es dans nos contr\u00e9es, et les modes de finitions sans cesse approximatifs , nous avons pour vous, nos potentiels clients recherch\u00e9 [&hellip;]<\/p>\n","protected":false},"author":1,"featured_media":0,"parent":0,"menu_order":0,"comment_status":"closed","ping_status":"closed","template":"","meta":{"footnotes":""},"_links":{"self":[{"href":"https:\/\/naturebrique.com\/index.php?rest_route=\/wp\/v2\/pages\/249"}],"collection":[{"href":"https:\/\/naturebrique.com\/index.php?rest_route=\/wp\/v2\/pages"}],"about":[{"href":"https:\/\/naturebrique.com\/index.php?rest_route=\/wp\/v2\/types\/page"}],"author":[{"embeddable":true,"href":"https:\/\/naturebrique.com\/index.php?rest_route=\/wp\/v2\/users\/1"}],"replies":[{"embeddable":true,"href":"https:\/\/naturebrique.com\/index.php?rest_route=%2Fwp%2Fv2%2Fcomments&post=249"}],"version-history":[{"count":9,"href":"https:\/\/naturebrique.com\/index.php?rest_route=\/wp\/v2\/pages\/249\/revisions"}],"predecessor-version":[{"id":334,"href":"https:\/\/naturebrique.com\/index.php?rest_route=\/wp\/v2\/pages\/249\/revisions\/334"}],"wp:attachment":[{"href":"https:\/\/naturebrique.com\/index.php?rest_route=%2Fwp%2Fv2%2Fmedia&parent=249"}],"curies":[{"name":"wp","href":"https:\/\/api.w.org\/{rel}","templated":true}]}}