{"id":35,"date":"2018-04-30T22:37:13","date_gmt":"2018-04-30T20:37:13","guid":{"rendered":"http:\/\/naturebrique.com\/?page_id=35"},"modified":"2025-01-13T21:06:04","modified_gmt":"2025-01-13T20:06:04","slug":"a-propos-de","status":"publish","type":"page","link":"https:\/\/naturebrique.com\/?page_id=35","title":{"rendered":"A propos"},"content":{"rendered":"<ul>\n<li><strong><u>NATURE BRIQUE ET SA VISION DE LA BRIQUE EN TERRE CUITE<\/u><\/strong><\/li>\n<\/ul>\n<p>Chez NATURE BRIQUE SARL, nous exploitons la beaut\u00e9 et la durabilit\u00e9 de la terre cuite pour cr\u00e9er des briques \u00e9cologiques qui red\u00e9finissent les normes de construction. Notre engagement en faveur du d\u00e9veloppement durable se refl\u00e8te dans nos processus de fabrication innovants, qui utilisent la biomasse pour la cuisson, garantissant ainsi un impact environnemental minimal. Notre \u00e9quipe qualifi\u00e9e est passionn\u00e9e par la fourniture de produits de haute qualit\u00e9 qui non seulement r\u00e9pondent, mais d\u00e9passent, vos besoins en mati\u00e8re de construction.<\/p>\n<p>Que vous construisiez une maison r\u00e9sidentielle, un b\u00e2timent commercial ou un projet architectural unique, nous sommes l\u00e0 pour vous proposer des solutions durables qui r\u00e9sistent \u00e0 l&rsquo;\u00e9preuve du temps. D\u00e9couvrez l&rsquo;\u00e9l\u00e9gance et la solidit\u00e9 de nos briques en terre cuite, fabriqu\u00e9es avec soin et int\u00e9grit\u00e9 \u00e9cologique.<\/p>\n","protected":false},"excerpt":{"rendered":"<p>NATURE BRIQUE ET SA VISION DE LA BRIQUE EN TERRE CUITE Chez NATURE BRIQUE SARL, nous exploitons la beaut\u00e9 et la durabilit\u00e9 de la terre cuite pour cr\u00e9er des briques \u00e9cologiques qui red\u00e9finissent les normes de construction. Notre engagement en faveur du d\u00e9veloppement durable se refl\u00e8te dans nos processus de fabrication innovants, qui utilisent la [&hellip;]<\/p>\n","protected":false},"author":1,"featured_media":340,"parent":38,"menu_order":0,"comment_status":"closed","ping_status":"closed","template":"","meta":{"footnotes":""},"_links":{"self":[{"href":"https:\/\/naturebrique.com\/index.php?rest_route=\/wp\/v2\/pages\/35"}],"collection":[{"href":"https:\/\/naturebrique.com\/index.php?rest_route=\/wp\/v2\/pages"}],"about":[{"href":"https:\/\/naturebrique.com\/index.php?rest_route=\/wp\/v2\/types\/page"}],"author":[{"embeddable":true,"href":"https:\/\/naturebrique.com\/index.php?rest_route=\/wp\/v2\/users\/1"}],"replies":[{"embeddable":true,"href":"https:\/\/naturebrique.com\/index.php?rest_route=%2Fwp%2Fv2%2Fcomments&post=35"}],"version-history":[{"count":20,"href":"https:\/\/naturebrique.com\/index.php?rest_route=\/wp\/v2\/pages\/35\/revisions"}],"predecessor-version":[{"id":339,"href":"https:\/\/naturebrique.com\/index.php?rest_route=\/wp\/v2\/pages\/35\/revisions\/339"}],"up":[{"embeddable":true,"href":"https:\/\/naturebrique.com\/index.php?rest_route=\/wp\/v2\/pages\/38"}],"wp:featuredmedia":[{"embeddable":true,"href":"https:\/\/naturebrique.com\/index.php?rest_route=\/wp\/v2\/media\/340"}],"wp:attachment":[{"href":"https:\/\/naturebrique.com\/index.php?rest_route=%2Fwp%2Fv2%2Fmedia&parent=35"}],"curies":[{"name":"wp","href":"https:\/\/api.w.org\/{rel}","templated":true}]}}