{"id":36,"date":"2018-04-30T22:37:14","date_gmt":"2018-04-30T20:37:14","guid":{"rendered":"http:\/\/naturebrique.com\/?page_id=36"},"modified":"2025-01-13T21:47:19","modified_gmt":"2025-01-13T20:47:19","slug":"contact","status":"publish","type":"page","link":"https:\/\/naturebrique.com\/?page_id=36","title":{"rendered":"Contact"},"content":{"rendered":"<p>Le site d&rsquo;exploitation de NATURE BRIQUE est situ\u00e9 dans le Zou-Colline au B\u00e9nin , pr\u00e9cis\u00e9ment \u00e0 ZOGBODOMEY sur le substrat argileux.<\/p>\n<p>TEL:+229 01 96505057<\/p>\n<p>E-mail: infos@naturebrique.com<\/p>\n<p>Site: http:\/\/www.<span style=\"display: inline !important; float: none; background-color: transparent; color: #4a474b; font-family: 'Lato',sans-serif; font-size: 16px; font-style: normal; font-variant: normal; font-weight: 400; letter-spacing: normal; line-height: 24px; orphans: 2; text-align: left; text-decoration: none; text-indent: 0px; text-transform: none; -webkit-text-stroke-width: 0px; white-space: normal; word-spacing: 0px;\">naturebrique.com<\/span><\/p>\n","protected":false},"excerpt":{"rendered":"<p>Le site d&rsquo;exploitation de NATURE BRIQUE est situ\u00e9 dans le Zou-Colline au B\u00e9nin , pr\u00e9cis\u00e9ment \u00e0 ZOGBODOMEY sur le substrat argileux. TEL:+229 01 96505057 E-mail: infos@naturebrique.com Site: http:\/\/www.naturebrique.com<\/p>\n","protected":false},"author":1,"featured_media":0,"parent":0,"menu_order":0,"comment_status":"closed","ping_status":"closed","template":"","meta":{"footnotes":""},"_links":{"self":[{"href":"https:\/\/naturebrique.com\/index.php?rest_route=\/wp\/v2\/pages\/36"}],"collection":[{"href":"https:\/\/naturebrique.com\/index.php?rest_route=\/wp\/v2\/pages"}],"about":[{"href":"https:\/\/naturebrique.com\/index.php?rest_route=\/wp\/v2\/types\/page"}],"author":[{"embeddable":true,"href":"https:\/\/naturebrique.com\/index.php?rest_route=\/wp\/v2\/users\/1"}],"replies":[{"embeddable":true,"href":"https:\/\/naturebrique.com\/index.php?rest_route=%2Fwp%2Fv2%2Fcomments&post=36"}],"version-history":[{"count":8,"href":"https:\/\/naturebrique.com\/index.php?rest_route=\/wp\/v2\/pages\/36\/revisions"}],"predecessor-version":[{"id":343,"href":"https:\/\/naturebrique.com\/index.php?rest_route=\/wp\/v2\/pages\/36\/revisions\/343"}],"wp:attachment":[{"href":"https:\/\/naturebrique.com\/index.php?rest_route=%2Fwp%2Fv2%2Fmedia&parent=36"}],"curies":[{"name":"wp","href":"https:\/\/api.w.org\/{rel}","templated":true}]}}