{"id":38,"date":"2018-04-30T22:37:14","date_gmt":"2018-04-30T20:37:14","guid":{"rendered":"http:\/\/naturebrique.com\/?page_id=38"},"modified":"2020-09-15T16:00:35","modified_gmt":"2020-09-15T14:00:35","slug":"une-section-de-page-daccueil","status":"publish","type":"page","link":"https:\/\/naturebrique.com\/","title":{"rendered":"PR\u00c9SENTATION DE NATURE BRIQUE"},"content":{"rendered":"<p>NATURE BRIQUE est la premi\u00e8re industrie c\u00e9ramique install\u00e9e au BENIN dans le centre du pays plus pr\u00e9cis\u00e9ment dans la zone de Tanw\u00e9 Hessou \u00e0 Zogbodomey.<\/p>\n<p>En effet,\u00a0 le promoteur, a constat\u00e9 qu\u2019il faisait excessivement chaud dans les habitations et que les populations souffraient beaucoup. Il fallait donc construire les maisons avec des briques en terre cuite (\u00e0 base d\u2019argile). Ainsi en 2010 est n\u00e9e l\u2019id\u00e9e de cr\u00e9er cette usine de fabrication de briques en terre cuite.<\/p>\n<p>Elle a d\u00e9marr\u00e9 ses activit\u00e9s le 1<sup>er<\/sup> janvier 2011 et compte une trentaine d\u2019employ\u00e9s et d\u2019ouvriers y compris. Son si\u00e8ge social est \u00e0 Cotonou.<\/p>\n<p>Elle est sp\u00e9cialis\u00e9e dans la fabrication des briques en terre cuite. L\u2019objectif principal est de fournir aux populations des produits sains r\u00e9pondant aux normes internationales de la terre cuite.<\/p>\n","protected":false},"excerpt":{"rendered":"<p>NATURE BRIQUE est la premi\u00e8re industrie c\u00e9ramique install\u00e9e au BENIN dans le centre du pays plus pr\u00e9cis\u00e9ment dans la zone de Tanw\u00e9 Hessou \u00e0 Zogbodomey. En effet,\u00a0 le promoteur, a constat\u00e9 qu\u2019il faisait excessivement chaud dans les habitations et que les populations souffraient beaucoup. Il fallait donc construire les maisons avec des briques en terre [&hellip;]<\/p>\n","protected":false},"author":1,"featured_media":266,"parent":0,"menu_order":0,"comment_status":"closed","ping_status":"closed","template":"","meta":{"footnotes":""},"_links":{"self":[{"href":"https:\/\/naturebrique.com\/index.php?rest_route=\/wp\/v2\/pages\/38"}],"collection":[{"href":"https:\/\/naturebrique.com\/index.php?rest_route=\/wp\/v2\/pages"}],"about":[{"href":"https:\/\/naturebrique.com\/index.php?rest_route=\/wp\/v2\/types\/page"}],"author":[{"embeddable":true,"href":"https:\/\/naturebrique.com\/index.php?rest_route=\/wp\/v2\/users\/1"}],"replies":[{"embeddable":true,"href":"https:\/\/naturebrique.com\/index.php?rest_route=%2Fwp%2Fv2%2Fcomments&post=38"}],"version-history":[{"count":5,"href":"https:\/\/naturebrique.com\/index.php?rest_route=\/wp\/v2\/pages\/38\/revisions"}],"predecessor-version":[{"id":293,"href":"https:\/\/naturebrique.com\/index.php?rest_route=\/wp\/v2\/pages\/38\/revisions\/293"}],"wp:featuredmedia":[{"embeddable":true,"href":"https:\/\/naturebrique.com\/index.php?rest_route=\/wp\/v2\/media\/266"}],"wp:attachment":[{"href":"https:\/\/naturebrique.com\/index.php?rest_route=%2Fwp%2Fv2%2Fmedia&parent=38"}],"curies":[{"name":"wp","href":"https:\/\/api.w.org\/{rel}","templated":true}]}}